{"id":2885,"date":"2023-01-02T14:43:07","date_gmt":"2023-01-02T13:43:07","guid":{"rendered":"https:\/\/trautwein-gmbh.com\/info\/"},"modified":"2023-11-24T10:11:32","modified_gmt":"2023-11-24T09:11:32","slug":"info","status":"publish","type":"page","link":"https:\/\/trautwein-gmbh.com\/fr\/info\/","title":{"rendered":"Info"},"content":{"rendered":"<div id='full_slider_1'  class='avia-fullwidth-slider main_color avia-shadow   avia-builder-el-0  el_before_av_section  avia-builder-el-first   container_wrap fullsize'  >\n<style type=\"text\/css\" data-created_by=\"avia_inline_auto\" id=\"style-css-av-lnxcjsqy-56aa51f23fc5df1399047b104e805250\">\n#top #wrap_all .avia-slideshow .av-slideshow-caption.av-lnxcjsqy-56aa51f23fc5df1399047b104e805250__0 .avia-caption-title{\ncolor:#ffffff;\n}\n\n@media only screen and (min-width: 990px){ \n#top #wrap_all .avia-slideshow .av-slideshow-caption.av-lnxcjsqy-56aa51f23fc5df1399047b104e805250__0 .avia-caption-title{\nfont-size:54px;\n}\n}\n<\/style>\n<div  class='avia-slideshow av-lnxcjsqy-56aa51f23fc5df1399047b104e805250 avia-slideshow-no scaling av_slideshow_full avia-slide-slider av-slideshow-ui av-control-default av-no-slider-navigation av-slideshow-autoplay av-loop-endless av-loop-manual-endless av-default-height-applied   avia-slideshow-1' data-slideshow-options=\"{&quot;animation&quot;:&quot;slide&quot;,&quot;autoplay&quot;:true,&quot;loop_autoplay&quot;:&quot;endless&quot;,&quot;interval&quot;:4,&quot;loop_manual&quot;:&quot;manual-endless&quot;,&quot;autoplay_stopper&quot;:false,&quot;noNavigation&quot;:false,&quot;bg_slider&quot;:false,&quot;keep_padding&quot;:false,&quot;hoverpause&quot;:false,&quot;show_slide_delay&quot;:0}\"  itemprop=\"image\" itemscope=\"itemscope\" itemtype=\"https:\/\/schema.org\/ImageObject\" ><ul class='avia-slideshow-inner ' style='padding-bottom: 37.916666666667%;'><li  class='avia-slideshow-slide av-lnxcjsqy-56aa51f23fc5df1399047b104e805250__0  av-single-slide slide-1 slide-odd'><div data-rel='slideshow-1' class='avia-slide-wrap '   ><img decoding=\"async\" fetchpriority=\"high\" class=\"wp-image-2119 avia-img-lazy-loading-not-2119\"  src=\"https:\/\/trautwein-gmbh.com\/wp-content\/uploads\/2023\/01\/tw-header5.jpg\" width=\"1920\" height=\"728\" title='tw-header5' alt=''  itemprop=\"thumbnailUrl\" srcset=\"https:\/\/trautwein-gmbh.com\/wp-content\/uploads\/2023\/01\/tw-header5.jpg 1920w, https:\/\/trautwein-gmbh.com\/wp-content\/uploads\/2023\/01\/tw-header5-300x114.jpg 300w, https:\/\/trautwein-gmbh.com\/wp-content\/uploads\/2023\/01\/tw-header5-768x291.jpg 768w, https:\/\/trautwein-gmbh.com\/wp-content\/uploads\/2023\/01\/tw-header5-1030x391.jpg 1030w, https:\/\/trautwein-gmbh.com\/wp-content\/uploads\/2023\/01\/tw-header5-1536x582.jpg 1536w, https:\/\/trautwein-gmbh.com\/wp-content\/uploads\/2023\/01\/tw-header5-1500x569.jpg 1500w, https:\/\/trautwein-gmbh.com\/wp-content\/uploads\/2023\/01\/tw-header5-705x267.jpg 705w, https:\/\/trautwein-gmbh.com\/wp-content\/uploads\/2023\/01\/tw-header5-845x321.jpg 845w\" sizes=\"(max-width: 1920px) 100vw, 1920px\" \/><div class='av-section-color-overlay' style='opacity: 0.3; background-color: #0a0a0a; '><\/div><\/div><\/li><\/ul><div class='av-slideshow-caption av-lnxcjsqy-56aa51f23fc5df1399047b104e805250__0 caption_fullwidth caption_bottom'><div class=\"container caption_container\"><div class=\"slideshow_caption\"><div class=\"slideshow_inner_caption\"><div class=\"slideshow_align_caption\"><h1 class='avia-caption-title '  itemprop=\"name\" >T\u00e9l\u00e9chargement des informations<\/h1><\/div><\/div><\/div><\/div><\/div><\/div><\/div>\n\n<style type=\"text\/css\" data-created_by=\"avia_inline_auto\" id=\"style-css-av-42taz-70fa64b6c10511e89a76837120257dc4\">\n.avia-section.av-42taz-70fa64b6c10511e89a76837120257dc4{\nmargin-top:-100px;\nmargin-bottom:-100px;\nposition:relative;\n}\n.avia-section.av-42taz-70fa64b6c10511e89a76837120257dc4 .avia-divider-svg-bottom svg{\nheight:50px;\nopacity:1;\nwidth:calc(100% + 1.3px);\nfill:#ffffff;\n}\n<\/style>\n<div id='desktop'  class='avia-section av-42taz-70fa64b6c10511e89a76837120257dc4 main_color avia-section-no-padding avia-no-border-styling  avia-builder-el-1  el_after_av_slideshow_full  el_before_av_section  av-small-hide av-mini-hide avia-bg-style-scroll av-minimum-height av-minimum-height-custom av-height-custom  container_wrap fullsize'   data-av_minimum_height_px='75'><div class='avia-divider-svg avia-divider-svg-mountains avia-divider-svg-bottom avia-to-front avia-svg-original'><svg xmlns=\"http:\/\/www.w3.org\/2000\/svg\" viewBox=\"0 0 1000 100\" preserveAspectRatio=\"none\">\n\t<path opacity=\"0.33\" d=\"M473,67.3c-203.9,88.3-263.1-34-320.3,0C66,119.1,0,59.7,0,59.7V0h1000v59.7 c0,0-62.1,26.1-94.9,29.3c-32.8,3.3-62.8-12.3-75.8-22.1C806,49.6,745.3,8.7,694.9,4.7S492.4,59,473,67.3z\"\/>\n\t<path opacity=\"0.66\" d=\"M734,67.3c-45.5,0-77.2-23.2-129.1-39.1c-28.6-8.7-150.3-10.1-254,39.1 s-91.7-34.4-149.2,0C115.7,118.3,0,39.8,0,39.8V0h1000v36.5c0,0-28.2-18.5-92.1-18.5C810.2,18.1,775.7,67.3,734,67.3z\"\/>\n\t<path d=\"M766.1,28.9c-200-57.5-266,65.5-395.1,19.5C242,1.8,242,5.4,184.8,20.6C128,35.8,132.3,44.9,89.9,52.5C28.6,63.7,0,0,0,0 h1000c0,0-9.9,40.9-83.6,48.1S829.6,47,766.1,28.9z\"\/>\n<\/svg><\/div><div class='container av-section-cont-open' style='height:75px'><div class='template-page content  av-content-full alpha units'><div class='post-entry post-entry-type-page post-entry-2885'><div class='entry-content-wrapper clearfix'>\n<\/div><\/div><\/div><!-- close content main div --><\/div><\/div>\n<style type=\"text\/css\" data-created_by=\"avia_inline_auto\" id=\"style-css-av-34dn7-c619be0682d743d918626c5f02d2e983\">\n.avia-section.av-34dn7-c619be0682d743d918626c5f02d2e983{\nmargin-top:-100px;\nmargin-bottom:-100px;\nposition:relative;\n}\n.avia-section.av-34dn7-c619be0682d743d918626c5f02d2e983 .avia-divider-svg-bottom svg{\nheight:20px;\nopacity:1;\nwidth:calc(100% + 1.3px);\nfill:#ffffff;\n}\n<\/style>\n<div id='mobil'  class='avia-section av-34dn7-c619be0682d743d918626c5f02d2e983 main_color avia-section-no-padding avia-no-border-styling  avia-builder-el-2  el_after_av_section  el_before_av_hr  av-desktop-hide av-medium-hide avia-bg-style-scroll av-minimum-height av-minimum-height-custom av-height-custom  container_wrap fullsize'   data-av_minimum_height_px='20'><div class='avia-divider-svg avia-divider-svg-mountains avia-divider-svg-bottom avia-to-front avia-svg-original'><svg xmlns=\"http:\/\/www.w3.org\/2000\/svg\" viewBox=\"0 0 1000 100\" preserveAspectRatio=\"none\">\n\t<path opacity=\"0.33\" d=\"M473,67.3c-203.9,88.3-263.1-34-320.3,0C66,119.1,0,59.7,0,59.7V0h1000v59.7 c0,0-62.1,26.1-94.9,29.3c-32.8,3.3-62.8-12.3-75.8-22.1C806,49.6,745.3,8.7,694.9,4.7S492.4,59,473,67.3z\"\/>\n\t<path opacity=\"0.66\" d=\"M734,67.3c-45.5,0-77.2-23.2-129.1-39.1c-28.6-8.7-150.3-10.1-254,39.1 s-91.7-34.4-149.2,0C115.7,118.3,0,39.8,0,39.8V0h1000v36.5c0,0-28.2-18.5-92.1-18.5C810.2,18.1,775.7,67.3,734,67.3z\"\/>\n\t<path d=\"M766.1,28.9c-200-57.5-266,65.5-395.1,19.5C242,1.8,242,5.4,184.8,20.6C128,35.8,132.3,44.9,89.9,52.5C28.6,63.7,0,0,0,0 h1000c0,0-9.9,40.9-83.6,48.1S829.6,47,766.1,28.9z\"\/>\n<\/svg><\/div><div class='container av-section-cont-open' style='height:20px'><div class='template-page content  av-content-full alpha units'><div class='post-entry post-entry-type-page post-entry-2885'><div class='entry-content-wrapper clearfix'><\/div><\/div><\/div><!-- close content main div --><\/div><\/div><div id='after_section_2'  class='main_color av_default_container_wrap container_wrap fullsize'  ><div class='container av-section-cont-open' ><div class='template-page content  av-content-full alpha units'><div class='post-entry post-entry-type-page post-entry-2885'><div class='entry-content-wrapper clearfix'>\n\n<style type=\"text\/css\" data-created_by=\"avia_inline_auto\" id=\"style-css-av-2sf37-2dd97372c036286ab854a59de7349fe4\">\n#top .hr.hr-invisible.av-2sf37-2dd97372c036286ab854a59de7349fe4{\nheight:20px;\n}\n<\/style>\n<div  class='hr av-2sf37-2dd97372c036286ab854a59de7349fe4 hr-invisible  avia-builder-el-3  el_after_av_section  el_before_av_section  avia-builder-el-no-sibling  av-small-hide av-mini-hide'><span class='hr-inner '><span class=\"hr-inner-style\"><\/span><\/span><\/div>\n<\/div><\/div><\/div><!-- close content main div --><\/div><\/div>\n<style type=\"text\/css\" data-created_by=\"avia_inline_auto\" id=\"style-css-av-1ura7-ff73716dbef308cdfa3497090d2c83d9\">\n.avia-section.av-1ura7-ff73716dbef308cdfa3497090d2c83d9{\nbackground-repeat:no-repeat;\nbackground-image:url(https:\/\/trautwein-gmbh.com\/wp-content\/uploads\/2023\/01\/Trautwein-wellen-tuerkis-blau-1.png);\nbackground-position:50% 0%;\nbackground-attachment:scroll;\nmargin-top:0px;\nmargin-bottom:0px;\n}\n.avia-section.av-1ura7-ff73716dbef308cdfa3497090d2c83d9 .av-section-color-overlay{\nopacity:0.9;\nbackground-color:#ffffff;\n}\n\n@media only screen and (max-width: 479px){ \n.avia-section.av-1ura7-ff73716dbef308cdfa3497090d2c83d9{\nmargin-top:-100px;\n}\n}\n<\/style>\n<div id='av_section_3'  class='avia-section av-1ura7-ff73716dbef308cdfa3497090d2c83d9 main_color avia-section-default avia-no-border-styling  avia-builder-el-4  el_after_av_hr  el_before_av_section  avia-full-contain avia-bg-style-scroll av-section-color-overlay-active container_wrap fullsize'  data-section-bg-repeat='contain'><div class=\"av-section-color-overlay-wrap\"><div class=\"av-section-color-overlay\"><\/div><div class='container av-section-cont-open' ><div class='template-page content  av-content-full alpha units'><div class='post-entry post-entry-type-page post-entry-2885'><div class='entry-content-wrapper clearfix'>\n\n<style type=\"text\/css\" data-created_by=\"avia_inline_auto\" id=\"style-css-av-lnxchrvu-2a3fe7e6609e1213bb9ace831ac63a5e\">\n#top .av_textblock_section.av-lnxchrvu-2a3fe7e6609e1213bb9ace831ac63a5e .avia_textblock{\ntext-align:center;\n}\n<\/style>\n<section  class='av_textblock_section av-lnxchrvu-2a3fe7e6609e1213bb9ace831ac63a5e '   itemscope=\"itemscope\" itemtype=\"https:\/\/schema.org\/CreativeWork\" ><div class='avia_textblock'  itemprop=\"text\" ><h4 style=\"text-align: left;\">Tous les informations \u00e0 propos de nos produits, comme<\/h4>\n<\/div><\/section>\n\n<style type=\"text\/css\" data-created_by=\"avia_inline_auto\" id=\"style-css-av-lnxcihhm-022ed4f9369275d337943c56628ea68d\">\n#top .avia-icon-list-container.av-lnxcihhm-022ed4f9369275d337943c56628ea68d .iconlist_icon{\ncolor:#0eb48d;\nfont-size:16px;\n}\n#top .avia-icon-list-container.av-lnxcihhm-022ed4f9369275d337943c56628ea68d .iconlist_icon svg:first-child{\nstroke:#0eb48d;\nfill:#0eb48d;\nheight:16px;\nwidth:16px;\n}\n#top #wrap_all .avia-icon-list-container.av-lnxcihhm-022ed4f9369275d337943c56628ea68d .av_iconlist_title{\nfont-size:16px;\n}\n<\/style>\n<div  class='avia-icon-list-container av-lnxcihhm-022ed4f9369275d337943c56628ea68d  avia-builder-el-6  el_after_av_textblock  el_before_av_textblock '><ul class='avia-icon-list avia_animate_when_almost_visible avia-icon-list-left av-iconlist-small av-lnxcihhm-022ed4f9369275d337943c56628ea68d avia-iconlist-animate'>\n<li><div class='iconlist_icon av-lnxci1uo-fbcd31ed3365e318a1517dc0e9cf881d avia-font-entypo-fontello avia-iconfont avia-font-entypo-fontello'><span class='av-icon-char' data-av_icon='\ue812' data-av_iconfont='entypo-fontello' aria-hidden=\"true\"><\/span><\/div><article class=\"article-icon-entry av-iconlist-empty\"  itemscope=\"itemscope\" itemtype=\"https:\/\/schema.org\/CreativeWork\" ><div class=\"iconlist_content_wrap\"><header class=\"entry-content-header\" aria-label=\"Ic\u00f4ne : textes pour ouvertures\"><div class='av_iconlist_title iconlist_title_small  '  itemprop=\"headline\" >textes pour ouvertures<\/div><\/header><div class='iconlist_content '  itemprop=\"text\" ><\/div><\/div><footer class=\"entry-footer\"><\/footer><\/article><div class=\"iconlist-timeline\"><\/div><\/li>\n<li><div class='iconlist_icon av-lnxci62f-7943fc1b66ecf88c485a384f36927a34 avia-font-entypo-fontello avia-iconfont avia-font-entypo-fontello'><span class='av-icon-char' data-av_icon='\ue812' data-av_iconfont='entypo-fontello' aria-hidden=\"true\"><\/span><\/div><article class=\"article-icon-entry av-iconlist-empty\"  itemscope=\"itemscope\" itemtype=\"https:\/\/schema.org\/CreativeWork\" ><div class=\"iconlist_content_wrap\"><header class=\"entry-content-header\" aria-label=\"Ic\u00f4ne : fiches techniques avec mesures pr\u00e9cises\"><div class='av_iconlist_title iconlist_title_small  '  itemprop=\"headline\" >fiches techniques avec mesures pr\u00e9cises<\/div><\/header><div class='iconlist_content '  itemprop=\"text\" ><\/div><\/div><footer class=\"entry-footer\"><\/footer><\/article><div class=\"iconlist-timeline\"><\/div><\/li>\n<li><div class='iconlist_icon av-lnxciahm-685b5b56893cd88e27668993087d96a8 avia-font-entypo-fontello avia-iconfont avia-font-entypo-fontello'><span class='av-icon-char' data-av_icon='\ue812' data-av_iconfont='entypo-fontello' aria-hidden=\"true\"><\/span><\/div><article class=\"article-icon-entry av-iconlist-empty\"  itemscope=\"itemscope\" itemtype=\"https:\/\/schema.org\/CreativeWork\" ><div class=\"iconlist_content_wrap\"><header class=\"entry-content-header\" aria-label=\"Ic\u00f4ne : pr\u00e9parations architecturales\"><div class='av_iconlist_title iconlist_title_small  '  itemprop=\"headline\" >pr\u00e9parations architecturales<\/div><\/header><div class='iconlist_content '  itemprop=\"text\" ><\/div><\/div><footer class=\"entry-footer\"><\/footer><\/article><div class=\"iconlist-timeline\"><\/div><\/li>\n<li><div class='iconlist_icon av-lnxciez5-cc561241652ce03863ada8b72da334d1 avia-font-entypo-fontello avia-iconfont avia-font-entypo-fontello'><span class='av-icon-char' data-av_icon='\ue812' data-av_iconfont='entypo-fontello' aria-hidden=\"true\"><\/span><\/div><article class=\"article-icon-entry av-iconlist-empty\"  itemscope=\"itemscope\" itemtype=\"https:\/\/schema.org\/CreativeWork\" ><div class=\"iconlist_content_wrap\"><header class=\"entry-content-header\" aria-label=\"Ic\u00f4ne : mesures de s\u00e9curit\u00e9\"><div class='av_iconlist_title iconlist_title_small  '  itemprop=\"headline\" >mesures de s\u00e9curit\u00e9<\/div><\/header><div class='iconlist_content '  itemprop=\"text\" ><\/div><\/div><footer class=\"entry-footer\"><\/footer><\/article><div class=\"iconlist-timeline\"><\/div><\/li>\n<\/ul><\/div>\n\n<style type=\"text\/css\" data-created_by=\"avia_inline_auto\" id=\"style-css-av-lnxcip8j-e96ca50610aad65aa7c76ad8063edfb9\">\n#top .av_textblock_section.av-lnxcip8j-e96ca50610aad65aa7c76ad8063edfb9 .avia_textblock{\ntext-align:center;\n}\n<\/style>\n<section  class='av_textblock_section av-lnxcip8j-e96ca50610aad65aa7c76ad8063edfb9 '   itemscope=\"itemscope\" itemtype=\"https:\/\/schema.org\/CreativeWork\" ><div class='avia_textblock'  itemprop=\"text\" ><h4 style=\"text-align: left;\">nous vous les mettons volontiers \u00e0 disposition en format pdf. Pour ce faire, veuillez nous contacter par t\u00e9l\u00e9phone, par e-mail ou via notre formulaire de demande de prospectus. <\/h4>\n<\/div><\/section>\n<\/div><\/div><\/div><!-- close content main div --><\/div><\/div><\/div>\n<style type=\"text\/css\" data-created_by=\"avia_inline_auto\" id=\"style-css-av-1g6qv-08a5e60cc2d8d342cbcd5cf20a8f72d5\">\n.avia-section.av-1g6qv-08a5e60cc2d8d342cbcd5cf20a8f72d5{\nposition:relative;\n}\n.avia-section.av-1g6qv-08a5e60cc2d8d342cbcd5cf20a8f72d5 .avia-divider-svg-bottom svg{\nheight:50px;\nwidth:calc(100% + 1.3px);\nfill:#0eb48d;\n}\n<\/style>\n<div id='desktop'  class='avia-section av-1g6qv-08a5e60cc2d8d342cbcd5cf20a8f72d5 main_color avia-section-default avia-no-border-styling  avia-builder-el-8  el_after_av_section  el_before_av_section  av-small-hide av-mini-hide avia-bg-style-scroll container_wrap fullsize'  ><div class='avia-divider-svg avia-divider-svg-mountains avia-divider-svg-bottom avia-svg-original'><svg xmlns=\"http:\/\/www.w3.org\/2000\/svg\" viewBox=\"0 0 1000 100\" preserveAspectRatio=\"none\">\n\t<path opacity=\"0.33\" d=\"M473,67.3c-203.9,88.3-263.1-34-320.3,0C66,119.1,0,59.7,0,59.7V0h1000v59.7 c0,0-62.1,26.1-94.9,29.3c-32.8,3.3-62.8-12.3-75.8-22.1C806,49.6,745.3,8.7,694.9,4.7S492.4,59,473,67.3z\"\/>\n\t<path opacity=\"0.66\" d=\"M734,67.3c-45.5,0-77.2-23.2-129.1-39.1c-28.6-8.7-150.3-10.1-254,39.1 s-91.7-34.4-149.2,0C115.7,118.3,0,39.8,0,39.8V0h1000v36.5c0,0-28.2-18.5-92.1-18.5C810.2,18.1,775.7,67.3,734,67.3z\"\/>\n\t<path d=\"M766.1,28.9c-200-57.5-266,65.5-395.1,19.5C242,1.8,242,5.4,184.8,20.6C128,35.8,132.3,44.9,89.9,52.5C28.6,63.7,0,0,0,0 h1000c0,0-9.9,40.9-83.6,48.1S829.6,47,766.1,28.9z\"\/>\n<\/svg><\/div><div class='container av-section-cont-open' ><div class='template-page content  av-content-full alpha units'><div class='post-entry post-entry-type-page post-entry-2885'><div class='entry-content-wrapper clearfix'>\n<\/div><\/div><\/div><!-- close content main div --><\/div><\/div>\n<style type=\"text\/css\" data-created_by=\"avia_inline_auto\" id=\"style-css-av-3urz-76723834fc1525cb4203866abe14a0a4\">\n.avia-section.av-3urz-76723834fc1525cb4203866abe14a0a4{\nposition:relative;\n}\n.avia-section.av-3urz-76723834fc1525cb4203866abe14a0a4 .avia-divider-svg-bottom svg{\nheight:20px;\nwidth:calc(100% + 1.3px);\nfill:#0eb48d;\n}\n<\/style>\n<div id='av_section_5'  class='avia-section av-3urz-76723834fc1525cb4203866abe14a0a4 main_color avia-section-default avia-no-border-styling  avia-builder-el-9  el_after_av_section  avia-builder-el-last  av-desktop-hide av-medium-hide avia-bg-style-scroll container_wrap fullsize'  ><div class='avia-divider-svg avia-divider-svg-mountains avia-divider-svg-bottom avia-svg-original'><svg xmlns=\"http:\/\/www.w3.org\/2000\/svg\" viewBox=\"0 0 1000 100\" preserveAspectRatio=\"none\">\n\t<path opacity=\"0.33\" d=\"M473,67.3c-203.9,88.3-263.1-34-320.3,0C66,119.1,0,59.7,0,59.7V0h1000v59.7 c0,0-62.1,26.1-94.9,29.3c-32.8,3.3-62.8-12.3-75.8-22.1C806,49.6,745.3,8.7,694.9,4.7S492.4,59,473,67.3z\"\/>\n\t<path opacity=\"0.66\" d=\"M734,67.3c-45.5,0-77.2-23.2-129.1-39.1c-28.6-8.7-150.3-10.1-254,39.1 s-91.7-34.4-149.2,0C115.7,118.3,0,39.8,0,39.8V0h1000v36.5c0,0-28.2-18.5-92.1-18.5C810.2,18.1,775.7,67.3,734,67.3z\"\/>\n\t<path d=\"M766.1,28.9c-200-57.5-266,65.5-395.1,19.5C242,1.8,242,5.4,184.8,20.6C128,35.8,132.3,44.9,89.9,52.5C28.6,63.7,0,0,0,0 h1000c0,0-9.9,40.9-83.6,48.1S829.6,47,766.1,28.9z\"\/>\n<\/svg><\/div><div class='container av-section-cont-open' ><div class='template-page content  av-content-full alpha units'><div class='post-entry post-entry-type-page post-entry-2885'><div class='entry-content-wrapper clearfix'>\n<\/p>\n","protected":false},"excerpt":{"rendered":"","protected":false},"author":5,"featured_media":0,"parent":0,"menu_order":0,"comment_status":"closed","ping_status":"closed","template":"","meta":{"footnotes":""},"class_list":["post-2885","page","type-page","status-publish","hentry"],"yoast_head":"<!-- This site is optimized with the Yoast SEO plugin v27.3 - https:\/\/yoast.com\/product\/yoast-seo-wordpress\/ -->\n<title>Info - Trautwein GmbH<\/title>\n<meta name=\"robots\" content=\"index, follow, max-snippet:-1, max-image-preview:large, max-video-preview:-1\" \/>\n<link rel=\"canonical\" href=\"https:\/\/trautwein-gmbh.com\/info\/\" \/>\n<meta property=\"og:locale\" content=\"fr_FR\" \/>\n<meta property=\"og:type\" content=\"article\" \/>\n<meta property=\"og:title\" content=\"Info - Trautwein GmbH\" \/>\n<meta property=\"og:url\" content=\"https:\/\/trautwein-gmbh.com\/info\/\" \/>\n<meta property=\"og:site_name\" content=\"Trautwein GmbH\" \/>\n<meta property=\"article:publisher\" content=\"https:\/\/www.facebook.com\/trautweingmbhemmendingen\" \/>\n<meta property=\"article:modified_time\" content=\"2023-11-24T09:11:32+00:00\" \/>\n<meta name=\"twitter:card\" content=\"summary_large_image\" \/>\n<meta name=\"twitter:label1\" content=\"Dur\u00e9e de lecture estim\u00e9e\" \/>\n\t<meta name=\"twitter:data1\" content=\"11 minutes\" \/>\n<script type=\"application\/ld+json\" class=\"yoast-schema-graph\">{\"@context\":\"https:\\\/\\\/schema.org\",\"@graph\":[{\"@type\":\"WebPage\",\"@id\":\"https:\\\/\\\/trautwein-gmbh.com\\\/info\\\/\",\"url\":\"https:\\\/\\\/trautwein-gmbh.com\\\/info\\\/\",\"name\":\"Info - Trautwein GmbH\",\"isPartOf\":{\"@id\":\"https:\\\/\\\/trautwein-gmbh.com\\\/#website\"},\"datePublished\":\"2023-01-02T13:43:07+00:00\",\"dateModified\":\"2023-11-24T09:11:32+00:00\",\"breadcrumb\":{\"@id\":\"https:\\\/\\\/trautwein-gmbh.com\\\/info\\\/#breadcrumb\"},\"inLanguage\":\"fr-FR\",\"potentialAction\":[{\"@type\":\"ReadAction\",\"target\":[\"https:\\\/\\\/trautwein-gmbh.com\\\/info\\\/\"]}]},{\"@type\":\"BreadcrumbList\",\"@id\":\"https:\\\/\\\/trautwein-gmbh.com\\\/info\\\/#breadcrumb\",\"itemListElement\":[{\"@type\":\"ListItem\",\"position\":1,\"name\":\"Startseite\",\"item\":\"https:\\\/\\\/trautwein-gmbh.com\\\/fr\\\/accueil\\\/\"},{\"@type\":\"ListItem\",\"position\":2,\"name\":\"Info\"}]},{\"@type\":\"WebSite\",\"@id\":\"https:\\\/\\\/trautwein-gmbh.com\\\/#website\",\"url\":\"https:\\\/\\\/trautwein-gmbh.com\\\/\",\"name\":\"Trautwein GmbH\",\"description\":\"\",\"publisher\":{\"@id\":\"https:\\\/\\\/trautwein-gmbh.com\\\/#organization\"},\"potentialAction\":[{\"@type\":\"SearchAction\",\"target\":{\"@type\":\"EntryPoint\",\"urlTemplate\":\"https:\\\/\\\/trautwein-gmbh.com\\\/?s={search_term_string}\"},\"query-input\":{\"@type\":\"PropertyValueSpecification\",\"valueRequired\":true,\"valueName\":\"search_term_string\"}}],\"inLanguage\":\"fr-FR\"},{\"@type\":\"Organization\",\"@id\":\"https:\\\/\\\/trautwein-gmbh.com\\\/#organization\",\"name\":\"Trautwein GmbH\",\"url\":\"https:\\\/\\\/trautwein-gmbh.com\\\/\",\"logo\":{\"@type\":\"ImageObject\",\"inLanguage\":\"fr-FR\",\"@id\":\"https:\\\/\\\/trautwein-gmbh.com\\\/#\\\/schema\\\/logo\\\/image\\\/\",\"url\":\"https:\\\/\\\/trautwein-gmbh.com\\\/wp-content\\\/uploads\\\/2023\\\/09\\\/trautwein-logo-nospace.png\",\"contentUrl\":\"https:\\\/\\\/trautwein-gmbh.com\\\/wp-content\\\/uploads\\\/2023\\\/09\\\/trautwein-logo-nospace.png\",\"width\":340,\"height\":86,\"caption\":\"Trautwein GmbH\"},\"image\":{\"@id\":\"https:\\\/\\\/trautwein-gmbh.com\\\/#\\\/schema\\\/logo\\\/image\\\/\"},\"sameAs\":[\"https:\\\/\\\/www.facebook.com\\\/trautweingmbhemmendingen\",\"https:\\\/\\\/www.instagram.com\\\/trautweingmbh1928\"]}]}<\/script>\n<!-- \/ Yoast SEO plugin. -->","yoast_head_json":{"title":"Info - Trautwein GmbH","robots":{"index":"index","follow":"follow","max-snippet":"max-snippet:-1","max-image-preview":"max-image-preview:large","max-video-preview":"max-video-preview:-1"},"canonical":"https:\/\/trautwein-gmbh.com\/info\/","og_locale":"fr_FR","og_type":"article","og_title":"Info - Trautwein GmbH","og_url":"https:\/\/trautwein-gmbh.com\/info\/","og_site_name":"Trautwein GmbH","article_publisher":"https:\/\/www.facebook.com\/trautweingmbhemmendingen","article_modified_time":"2023-11-24T09:11:32+00:00","twitter_card":"summary_large_image","twitter_misc":{"Dur\u00e9e de lecture estim\u00e9e":"11 minutes"},"schema":{"@context":"https:\/\/schema.org","@graph":[{"@type":"WebPage","@id":"https:\/\/trautwein-gmbh.com\/info\/","url":"https:\/\/trautwein-gmbh.com\/info\/","name":"Info - Trautwein GmbH","isPartOf":{"@id":"https:\/\/trautwein-gmbh.com\/#website"},"datePublished":"2023-01-02T13:43:07+00:00","dateModified":"2023-11-24T09:11:32+00:00","breadcrumb":{"@id":"https:\/\/trautwein-gmbh.com\/info\/#breadcrumb"},"inLanguage":"fr-FR","potentialAction":[{"@type":"ReadAction","target":["https:\/\/trautwein-gmbh.com\/info\/"]}]},{"@type":"BreadcrumbList","@id":"https:\/\/trautwein-gmbh.com\/info\/#breadcrumb","itemListElement":[{"@type":"ListItem","position":1,"name":"Startseite","item":"https:\/\/trautwein-gmbh.com\/fr\/accueil\/"},{"@type":"ListItem","position":2,"name":"Info"}]},{"@type":"WebSite","@id":"https:\/\/trautwein-gmbh.com\/#website","url":"https:\/\/trautwein-gmbh.com\/","name":"Trautwein GmbH","description":"","publisher":{"@id":"https:\/\/trautwein-gmbh.com\/#organization"},"potentialAction":[{"@type":"SearchAction","target":{"@type":"EntryPoint","urlTemplate":"https:\/\/trautwein-gmbh.com\/?s={search_term_string}"},"query-input":{"@type":"PropertyValueSpecification","valueRequired":true,"valueName":"search_term_string"}}],"inLanguage":"fr-FR"},{"@type":"Organization","@id":"https:\/\/trautwein-gmbh.com\/#organization","name":"Trautwein GmbH","url":"https:\/\/trautwein-gmbh.com\/","logo":{"@type":"ImageObject","inLanguage":"fr-FR","@id":"https:\/\/trautwein-gmbh.com\/#\/schema\/logo\/image\/","url":"https:\/\/trautwein-gmbh.com\/wp-content\/uploads\/2023\/09\/trautwein-logo-nospace.png","contentUrl":"https:\/\/trautwein-gmbh.com\/wp-content\/uploads\/2023\/09\/trautwein-logo-nospace.png","width":340,"height":86,"caption":"Trautwein GmbH"},"image":{"@id":"https:\/\/trautwein-gmbh.com\/#\/schema\/logo\/image\/"},"sameAs":["https:\/\/www.facebook.com\/trautweingmbhemmendingen","https:\/\/www.instagram.com\/trautweingmbh1928"]}]}},"_links":{"self":[{"href":"https:\/\/trautwein-gmbh.com\/fr\/wp-json\/wp\/v2\/pages\/2885","targetHints":{"allow":["GET"]}}],"collection":[{"href":"https:\/\/trautwein-gmbh.com\/fr\/wp-json\/wp\/v2\/pages"}],"about":[{"href":"https:\/\/trautwein-gmbh.com\/fr\/wp-json\/wp\/v2\/types\/page"}],"author":[{"embeddable":true,"href":"https:\/\/trautwein-gmbh.com\/fr\/wp-json\/wp\/v2\/users\/5"}],"replies":[{"embeddable":true,"href":"https:\/\/trautwein-gmbh.com\/fr\/wp-json\/wp\/v2\/comments?post=2885"}],"version-history":[{"count":9,"href":"https:\/\/trautwein-gmbh.com\/fr\/wp-json\/wp\/v2\/pages\/2885\/revisions"}],"predecessor-version":[{"id":7927,"href":"https:\/\/trautwein-gmbh.com\/fr\/wp-json\/wp\/v2\/pages\/2885\/revisions\/7927"}],"wp:attachment":[{"href":"https:\/\/trautwein-gmbh.com\/fr\/wp-json\/wp\/v2\/media?parent=2885"}],"curies":[{"name":"wp","href":"https:\/\/api.w.org\/{rel}","templated":true}]}}