{"id":2657,"date":"2023-06-23T10:33:23","date_gmt":"2023-06-23T08:33:23","guid":{"rendered":"https:\/\/trautwein-gmbh.com\/exposition\/"},"modified":"2023-11-22T14:53:06","modified_gmt":"2023-11-22T13:53:06","slug":"exposition","status":"publish","type":"page","link":"https:\/\/trautwein-gmbh.com\/fr\/a-propos-de-nous\/exposition\/","title":{"rendered":"Bain d\u00b4essai"},"content":{"rendered":"<div id='full_slider_1'  class='avia-fullwidth-slider main_color avia-shadow   avia-builder-el-0  el_before_av_section  avia-builder-el-first   container_wrap fullsize'  >\n<style type=\"text\/css\" data-created_by=\"avia_inline_auto\" id=\"style-css-av-lj7495j8-c54666d82cbdf33a1b16a81133915c9f\">\n#top #wrap_all .avia-slideshow .av-slideshow-caption.av-lj7495j8-c54666d82cbdf33a1b16a81133915c9f__0 .avia-caption-title{\ncolor:#ffffff;\n}\n\n@media only screen and (min-width: 990px){ \n#top #wrap_all .avia-slideshow .av-slideshow-caption.av-lj7495j8-c54666d82cbdf33a1b16a81133915c9f__0 .avia-caption-title{\nfont-size:54px;\n}\n}\n<\/style>\n<div  class='avia-slideshow av-lj7495j8-c54666d82cbdf33a1b16a81133915c9f avia-slideshow-no scaling av_slideshow_full avia-slide-slider av-slideshow-ui av-control-default av-no-slider-navigation av-slideshow-autoplay av-loop-endless av-loop-manual-endless av-default-height-applied   avia-slideshow-1' data-slideshow-options=\"{&quot;animation&quot;:&quot;slide&quot;,&quot;autoplay&quot;:true,&quot;loop_autoplay&quot;:&quot;endless&quot;,&quot;interval&quot;:4,&quot;loop_manual&quot;:&quot;manual-endless&quot;,&quot;autoplay_stopper&quot;:false,&quot;noNavigation&quot;:false,&quot;bg_slider&quot;:false,&quot;keep_padding&quot;:false,&quot;hoverpause&quot;:false,&quot;show_slide_delay&quot;:0}\"  itemprop=\"image\" itemscope=\"itemscope\" itemtype=\"https:\/\/schema.org\/ImageObject\" ><ul class='avia-slideshow-inner ' style='padding-bottom: 39.0625%;'><li  class='avia-slideshow-slide av-lj7495j8-c54666d82cbdf33a1b16a81133915c9f__0  av-single-slide slide-1 slide-odd'><div data-rel='slideshow-1' class='avia-slide-wrap '   ><div class='av-slideshow-caption av-lj7495j8-c54666d82cbdf33a1b16a81133915c9f__0 caption_fullwidth caption_bottom'><div class=\"container caption_container\"><div class=\"slideshow_caption\"><div class=\"slideshow_inner_caption\"><div class=\"slideshow_align_caption\"><h1 class='avia-caption-title '  itemprop=\"name\" >Bain d\u00b4essai<\/h1><\/div><\/div><\/div><\/div><\/div><img decoding=\"async\" fetchpriority=\"high\" class=\"wp-image-2158 avia-img-lazy-loading-not-2158\"  src=\"https:\/\/trautwein-gmbh.com\/wp-content\/uploads\/2023\/09\/tw-ausstellung-header.jpg\" width=\"1920\" height=\"750\" title='tw-ausstellung-header' alt=''  itemprop=\"thumbnailUrl\" srcset=\"https:\/\/trautwein-gmbh.com\/wp-content\/uploads\/2023\/09\/tw-ausstellung-header.jpg 1920w, https:\/\/trautwein-gmbh.com\/wp-content\/uploads\/2023\/09\/tw-ausstellung-header-300x117.jpg 300w, https:\/\/trautwein-gmbh.com\/wp-content\/uploads\/2023\/09\/tw-ausstellung-header-1030x402.jpg 1030w, https:\/\/trautwein-gmbh.com\/wp-content\/uploads\/2023\/09\/tw-ausstellung-header-768x300.jpg 768w, https:\/\/trautwein-gmbh.com\/wp-content\/uploads\/2023\/09\/tw-ausstellung-header-1536x600.jpg 1536w, https:\/\/trautwein-gmbh.com\/wp-content\/uploads\/2023\/09\/tw-ausstellung-header-1500x586.jpg 1500w, https:\/\/trautwein-gmbh.com\/wp-content\/uploads\/2023\/09\/tw-ausstellung-header-705x275.jpg 705w\" sizes=\"(max-width: 1920px) 100vw, 1920px\" \/><div class='av-section-color-overlay' style='opacity: 0.3; background-color: #0a0a0a; '><\/div><\/div><\/li><\/ul><\/div><\/div>\n\n<style type=\"text\/css\" data-created_by=\"avia_inline_auto\" id=\"style-css-av-2wtusk-1a698c61796ffdf1ecfeb7c8cb96a8f2\">\n.avia-section.av-2wtusk-1a698c61796ffdf1ecfeb7c8cb96a8f2{\nmargin-top:-100px;\nmargin-bottom:-100px;\nposition:relative;\n}\n.avia-section.av-2wtusk-1a698c61796ffdf1ecfeb7c8cb96a8f2 .avia-divider-svg-bottom svg{\nheight:50px;\nopacity:1;\nwidth:calc(100% + 1.3px);\nfill:#ffffff;\n}\n<\/style>\n<div id='desktop'  class='avia-section av-2wtusk-1a698c61796ffdf1ecfeb7c8cb96a8f2 main_color avia-section-no-padding avia-no-border-styling  avia-builder-el-1  el_after_av_slideshow_full  el_before_av_section  av-small-hide av-mini-hide avia-bg-style-scroll av-minimum-height av-minimum-height-custom av-height-custom  container_wrap fullsize'   data-av_minimum_height_px='75'><div class='avia-divider-svg avia-divider-svg-mountains avia-divider-svg-bottom avia-to-front avia-svg-original'><svg xmlns=\"http:\/\/www.w3.org\/2000\/svg\" viewBox=\"0 0 1000 100\" preserveAspectRatio=\"none\">\n\t<path opacity=\"0.33\" d=\"M473,67.3c-203.9,88.3-263.1-34-320.3,0C66,119.1,0,59.7,0,59.7V0h1000v59.7 c0,0-62.1,26.1-94.9,29.3c-32.8,3.3-62.8-12.3-75.8-22.1C806,49.6,745.3,8.7,694.9,4.7S492.4,59,473,67.3z\"\/>\n\t<path opacity=\"0.66\" d=\"M734,67.3c-45.5,0-77.2-23.2-129.1-39.1c-28.6-8.7-150.3-10.1-254,39.1 s-91.7-34.4-149.2,0C115.7,118.3,0,39.8,0,39.8V0h1000v36.5c0,0-28.2-18.5-92.1-18.5C810.2,18.1,775.7,67.3,734,67.3z\"\/>\n\t<path d=\"M766.1,28.9c-200-57.5-266,65.5-395.1,19.5C242,1.8,242,5.4,184.8,20.6C128,35.8,132.3,44.9,89.9,52.5C28.6,63.7,0,0,0,0 h1000c0,0-9.9,40.9-83.6,48.1S829.6,47,766.1,28.9z\"\/>\n<\/svg><\/div><div class='container av-section-cont-open' style='height:75px'><div class='template-page content  av-content-full alpha units'><div class='post-entry post-entry-type-page post-entry-2657'><div class='entry-content-wrapper clearfix'>\n<\/div><\/div><\/div><!-- close content main div --><\/div><\/div>\n<style type=\"text\/css\" data-created_by=\"avia_inline_auto\" id=\"style-css-av-2rfrws-ddcb20be7ba346b21a7247af43fd715c\">\n.avia-section.av-2rfrws-ddcb20be7ba346b21a7247af43fd715c{\nmargin-top:-100px;\nmargin-bottom:-100px;\nposition:relative;\n}\n.avia-section.av-2rfrws-ddcb20be7ba346b21a7247af43fd715c .avia-divider-svg-bottom svg{\nheight:20px;\nopacity:1;\nwidth:calc(100% + 1.3px);\nfill:#ffffff;\n}\n<\/style>\n<div id='mobil'  class='avia-section av-2rfrws-ddcb20be7ba346b21a7247af43fd715c main_color avia-section-no-padding avia-no-border-styling  avia-builder-el-2  el_after_av_section  el_before_av_hr  av-desktop-hide av-medium-hide avia-bg-style-scroll av-minimum-height av-minimum-height-custom av-height-custom  container_wrap fullsize'   data-av_minimum_height_px='20'><div class='avia-divider-svg avia-divider-svg-mountains avia-divider-svg-bottom avia-to-front avia-svg-original'><svg xmlns=\"http:\/\/www.w3.org\/2000\/svg\" viewBox=\"0 0 1000 100\" preserveAspectRatio=\"none\">\n\t<path opacity=\"0.33\" d=\"M473,67.3c-203.9,88.3-263.1-34-320.3,0C66,119.1,0,59.7,0,59.7V0h1000v59.7 c0,0-62.1,26.1-94.9,29.3c-32.8,3.3-62.8-12.3-75.8-22.1C806,49.6,745.3,8.7,694.9,4.7S492.4,59,473,67.3z\"\/>\n\t<path opacity=\"0.66\" d=\"M734,67.3c-45.5,0-77.2-23.2-129.1-39.1c-28.6-8.7-150.3-10.1-254,39.1 s-91.7-34.4-149.2,0C115.7,118.3,0,39.8,0,39.8V0h1000v36.5c0,0-28.2-18.5-92.1-18.5C810.2,18.1,775.7,67.3,734,67.3z\"\/>\n\t<path d=\"M766.1,28.9c-200-57.5-266,65.5-395.1,19.5C242,1.8,242,5.4,184.8,20.6C128,35.8,132.3,44.9,89.9,52.5C28.6,63.7,0,0,0,0 h1000c0,0-9.9,40.9-83.6,48.1S829.6,47,766.1,28.9z\"\/>\n<\/svg><\/div><div class='container av-section-cont-open' style='height:20px'><div class='template-page content  av-content-full alpha units'><div class='post-entry post-entry-type-page post-entry-2657'><div class='entry-content-wrapper clearfix'><\/div><\/div><\/div><!-- close content main div --><\/div><\/div><div id='after_section_2'  class='main_color av_default_container_wrap container_wrap fullsize'  ><div class='container av-section-cont-open' ><div class='template-page content  av-content-full alpha units'><div class='post-entry post-entry-type-page post-entry-2657'><div class='entry-content-wrapper clearfix'>\n\n<style type=\"text\/css\" data-created_by=\"avia_inline_auto\" id=\"style-css-av-2kpj8c-69796545ade6b68aa0c950fa98777543\">\n#top .hr.hr-invisible.av-2kpj8c-69796545ade6b68aa0c950fa98777543{\nheight:20px;\n}\n<\/style>\n<div  class='hr av-2kpj8c-69796545ade6b68aa0c950fa98777543 hr-invisible  avia-builder-el-3  el_after_av_section  el_before_av_section  avia-builder-el-no-sibling  av-small-hide av-mini-hide'><span class='hr-inner '><span class=\"hr-inner-style\"><\/span><\/span><\/div>\n<\/div><\/div><\/div><!-- close content main div --><\/div><\/div>\n<style type=\"text\/css\" data-created_by=\"avia_inline_auto\" id=\"style-css-av-2f5kxg-e6d8d613ffa5e38300209b8f997c175b\">\n.avia-section.av-2f5kxg-e6d8d613ffa5e38300209b8f997c175b{\nbackground-repeat:no-repeat;\nbackground-image:url(https:\/\/trautwein-gmbh.com\/wp-content\/uploads\/2023\/01\/Trautwein-wellen-tuerkis-blau-1.png);\nbackground-position:50% 0%;\nbackground-attachment:scroll;\nmargin-top:0px;\nmargin-bottom:0px;\n}\n.avia-section.av-2f5kxg-e6d8d613ffa5e38300209b8f997c175b .av-section-color-overlay{\nopacity:0.9;\nbackground-color:#ffffff;\n}\n\n@media only screen and (max-width: 479px){ \n.avia-section.av-2f5kxg-e6d8d613ffa5e38300209b8f997c175b{\nmargin-top:-100px;\n}\n}\n<\/style>\n<div id='av_section_3'  class='avia-section av-2f5kxg-e6d8d613ffa5e38300209b8f997c175b main_color avia-section-default avia-no-border-styling  avia-builder-el-4  el_after_av_hr  el_before_av_section  avia-full-stretch avia-bg-style-scroll av-section-color-overlay-active container_wrap fullsize'  data-section-bg-repeat='stretch'><div class=\"av-section-color-overlay-wrap\"><div class=\"av-section-color-overlay\"><\/div><div class='container av-section-cont-open' ><div class='template-page content  av-content-full alpha units'><div class='post-entry post-entry-type-page post-entry-2657'><div class='entry-content-wrapper clearfix'>\n<div class='flex_column_table av-lmp07osm-9b3b1d55e086033860740a5a005faa88 sc-av_two_third av-equal-height-column-flextable'><div  class='flex_column av-lmp07osm-9b3b1d55e086033860740a5a005faa88 av_two_third  avia-builder-el-5  el_before_av_one_third  avia-builder-el-first  first flex_column_table_cell av-equal-height-column av-align-middle  '     ><p>\n<style type=\"text\/css\" data-created_by=\"avia_inline_auto\" id=\"style-css-av-lj74aik9-e55d15a5c666841a294af6e87abf71ea\">\n#top .av-special-heading.av-lj74aik9-e55d15a5c666841a294af6e87abf71ea{\npadding-bottom:10px;\ncolor:#0eb48d;\n}\nbody .av-special-heading.av-lj74aik9-e55d15a5c666841a294af6e87abf71ea .av-special-heading-tag .heading-char{\nfont-size:25px;\n}\n.av-special-heading.av-lj74aik9-e55d15a5c666841a294af6e87abf71ea .special-heading-inner-border{\nborder-color:#0eb48d;\n}\n.av-special-heading.av-lj74aik9-e55d15a5c666841a294af6e87abf71ea .av-subheading{\nfont-size:15px;\n}\n<\/style>\n<div  class='av-special-heading av-lj74aik9-e55d15a5c666841a294af6e87abf71ea av-special-heading-h2 custom-color-heading blockquote modern-quote  avia-builder-el-6  el_before_av_textblock  avia-builder-el-first '><h2 class='av-special-heading-tag '  itemprop=\"headline\"  >Accordez-Vous un bain d\u2019essai.<\/h2><div class=\"special-heading-border\"><div class=\"special-heading-inner-border\"><\/div><\/div><\/div><br \/>\n\n<style type=\"text\/css\" data-created_by=\"avia_inline_auto\" id=\"style-css-av-lj74bbuq-d37e813674a30646550284e5ec6b15e5\">\n#top .av_textblock_section.av-lj74bbuq-d37e813674a30646550284e5ec6b15e5 .avia_textblock{\ntext-align:center;\n}\n<\/style>\n<section  class='av_textblock_section av-lj74bbuq-d37e813674a30646550284e5ec6b15e5 '   itemscope=\"itemscope\" itemtype=\"https:\/\/schema.org\/CreativeWork\" ><div class='avia_textblock'  itemprop=\"text\" ><p style=\"text-align: left;\">Soyez vous-m\u00eame convaincu de la qualit\u00e9 exceptionnelle de nos produits. Vous pouvez tester, dans des conditions optimales, les \u00e9quipements de remise en forme de la soci\u00e9t\u00e9 \u00abTrautwein\u00bb soit au si\u00e8ge de notre soci\u00e9t\u00e9 \u00e0 Emmendingen (pr\u00e8s de la fronti\u00e8re fran\u00e7aise dans le Bade-Wurtemberg) soit chez nos distributeurs. Offrez-vous une exp\u00e9rience relaxante dans une de nos baignoires d\u2019hydromassage ou venez essayez une autre de nos nouvelles cr\u00e9ations. Vivez et ressentez nos \u00e9quipements, vous en serez enchant\u00e9 \u2013 vos clients le seront de m\u00eame!<\/p>\n<p style=\"text-align: left;\"><strong>Nous vous orienterons avec plaisir vers notre partenaire le plus proche. Convenez simplement d\u2019un rendez-vous, sans aucun engagement. Appelez-nous au: +49 7641\/ 4677 30<\/strong><\/p>\n<\/div><\/section><\/p><\/div><div class='av-flex-placeholder'><\/div><div  class='flex_column av-bmej7-af355f0730f9ca76c47b9abcc82e81dd av_one_third  avia-builder-el-8  el_after_av_two_third  avia-builder-el-last  flex_column_table_cell av-equal-height-column av-align-middle  '     ><style type=\"text\/css\" data-created_by=\"avia_inline_auto\" id=\"style-css-av-lmp071p0-cce6ff64df6608dd2b0255f1efa2286f\">\n.avia-image-container.av-lmp071p0-cce6ff64df6608dd2b0255f1efa2286f img.avia_image{\nbox-shadow:none;\n}\n.avia-image-container.av-lmp071p0-cce6ff64df6608dd2b0255f1efa2286f .av-image-caption-overlay-center{\ncolor:#ffffff;\n}\n<\/style>\n<div  class='avia-image-container av-lmp071p0-cce6ff64df6608dd2b0255f1efa2286f av-styling- avia-align-center  avia-builder-el-9  avia-builder-el-no-sibling '   itemprop=\"image\" itemscope=\"itemscope\" itemtype=\"https:\/\/schema.org\/ImageObject\" ><div class=\"avia-image-container-inner\"><div class=\"avia-image-overlay-wrap\"><img decoding=\"async\" fetchpriority=\"high\" class='wp-image-2161 avia-img-lazy-loading-not-2161 avia_image ' src=\"https:\/\/trautwein-gmbh.com\/wp-content\/uploads\/2023\/09\/tw-ausstellung-bild.jpg\" alt='' title='tw-ausstellung-bild'  height=\"450\" width=\"600\"  itemprop=\"thumbnailUrl\" srcset=\"https:\/\/trautwein-gmbh.com\/wp-content\/uploads\/2023\/09\/tw-ausstellung-bild.jpg 600w, https:\/\/trautwein-gmbh.com\/wp-content\/uploads\/2023\/09\/tw-ausstellung-bild-300x225.jpg 300w\" sizes=\"(max-width: 600px) 100vw, 600px\" \/><\/div><\/div><\/div><\/div><\/div><!--close column table wrapper. Autoclose: 1 --><\/div><\/div><\/div><!-- close content main div --><\/div><\/div><\/div>\n<style type=\"text\/css\" data-created_by=\"avia_inline_auto\" id=\"style-css-av-5n5c4j-663eab8ce309da53c3a4588df4c5a7bf\">\n.avia-section.av-5n5c4j-663eab8ce309da53c3a4588df4c5a7bf{\nposition:relative;\n}\n.avia-section.av-5n5c4j-663eab8ce309da53c3a4588df4c5a7bf .avia-divider-svg-bottom svg{\nheight:50px;\nwidth:calc(100% + 1.3px);\nfill:#0eb48d;\n}\n<\/style>\n<div id='desktop'  class='avia-section av-5n5c4j-663eab8ce309da53c3a4588df4c5a7bf main_color avia-section-default avia-no-border-styling  avia-builder-el-10  el_after_av_section  el_before_av_section  av-small-hide av-mini-hide avia-bg-style-scroll container_wrap fullsize'  ><div class='avia-divider-svg avia-divider-svg-mountains avia-divider-svg-bottom avia-svg-original'><svg xmlns=\"http:\/\/www.w3.org\/2000\/svg\" viewBox=\"0 0 1000 100\" preserveAspectRatio=\"none\">\n\t<path opacity=\"0.33\" d=\"M473,67.3c-203.9,88.3-263.1-34-320.3,0C66,119.1,0,59.7,0,59.7V0h1000v59.7 c0,0-62.1,26.1-94.9,29.3c-32.8,3.3-62.8-12.3-75.8-22.1C806,49.6,745.3,8.7,694.9,4.7S492.4,59,473,67.3z\"\/>\n\t<path opacity=\"0.66\" d=\"M734,67.3c-45.5,0-77.2-23.2-129.1-39.1c-28.6-8.7-150.3-10.1-254,39.1 s-91.7-34.4-149.2,0C115.7,118.3,0,39.8,0,39.8V0h1000v36.5c0,0-28.2-18.5-92.1-18.5C810.2,18.1,775.7,67.3,734,67.3z\"\/>\n\t<path d=\"M766.1,28.9c-200-57.5-266,65.5-395.1,19.5C242,1.8,242,5.4,184.8,20.6C128,35.8,132.3,44.9,89.9,52.5C28.6,63.7,0,0,0,0 h1000c0,0-9.9,40.9-83.6,48.1S829.6,47,766.1,28.9z\"\/>\n<\/svg><\/div><div class='container av-section-cont-open' ><div class='template-page content  av-content-full alpha units'><div class='post-entry post-entry-type-page post-entry-2657'><div class='entry-content-wrapper clearfix'>\n\n<style type=\"text\/css\" data-created_by=\"avia_inline_auto\" id=\"style-css-av-lmt9fwyc-baa3e81ea884c06c615cccd27c6aef52\">\n#top .av_textblock_section.av-lmt9fwyc-baa3e81ea884c06c615cccd27c6aef52 .avia_textblock{\ncolor:#0eb48d;\n}\n<\/style>\n<section  class='av_textblock_section av-lmt9fwyc-baa3e81ea884c06c615cccd27c6aef52 '   itemscope=\"itemscope\" itemtype=\"https:\/\/schema.org\/CreativeWork\" ><div class='avia_textblock av_inherit_color'  itemprop=\"text\" ><p>Les images de cette page peuvent contenir des options payantes.<\/p>\n<\/div><\/section>\n<\/p>\n<\/div><\/div><\/div><!-- close content main div --><\/div><\/div>\n<style type=\"text\/css\" data-created_by=\"avia_inline_auto\" id=\"style-css-av-4n16kj-fd81a4b5a63e123c18c35507e69b5e73\">\n.avia-section.av-4n16kj-fd81a4b5a63e123c18c35507e69b5e73{\nposition:relative;\n}\n.avia-section.av-4n16kj-fd81a4b5a63e123c18c35507e69b5e73 .avia-divider-svg-bottom svg{\nheight:20px;\nwidth:calc(100% + 1.3px);\nfill:#0eb48d;\n}\n<\/style>\n<div id='av_section_5'  class='avia-section av-4n16kj-fd81a4b5a63e123c18c35507e69b5e73 main_color avia-section-default avia-no-border-styling  avia-builder-el-12  el_after_av_section  avia-builder-el-last  av-desktop-hide av-medium-hide avia-bg-style-scroll container_wrap fullsize'  ><div class='avia-divider-svg avia-divider-svg-mountains avia-divider-svg-bottom avia-svg-original'><svg xmlns=\"http:\/\/www.w3.org\/2000\/svg\" viewBox=\"0 0 1000 100\" preserveAspectRatio=\"none\">\n\t<path opacity=\"0.33\" d=\"M473,67.3c-203.9,88.3-263.1-34-320.3,0C66,119.1,0,59.7,0,59.7V0h1000v59.7 c0,0-62.1,26.1-94.9,29.3c-32.8,3.3-62.8-12.3-75.8-22.1C806,49.6,745.3,8.7,694.9,4.7S492.4,59,473,67.3z\"\/>\n\t<path opacity=\"0.66\" d=\"M734,67.3c-45.5,0-77.2-23.2-129.1-39.1c-28.6-8.7-150.3-10.1-254,39.1 s-91.7-34.4-149.2,0C115.7,118.3,0,39.8,0,39.8V0h1000v36.5c0,0-28.2-18.5-92.1-18.5C810.2,18.1,775.7,67.3,734,67.3z\"\/>\n\t<path d=\"M766.1,28.9c-200-57.5-266,65.5-395.1,19.5C242,1.8,242,5.4,184.8,20.6C128,35.8,132.3,44.9,89.9,52.5C28.6,63.7,0,0,0,0 h1000c0,0-9.9,40.9-83.6,48.1S829.6,47,766.1,28.9z\"\/>\n<\/svg><\/div><div class='container av-section-cont-open' ><div class='template-page content  av-content-full alpha units'><div class='post-entry post-entry-type-page post-entry-2657'><div class='entry-content-wrapper clearfix'>\n\n<style type=\"text\/css\" data-created_by=\"avia_inline_auto\" id=\"style-css-av-2i8oyr-4b8256fee2b229d307876d08a59cae6b\">\n#top .av_textblock_section.av-2i8oyr-4b8256fee2b229d307876d08a59cae6b .avia_textblock{\ncolor:#0eb48d;\n}\n<\/style>\n<section  class='av_textblock_section av-2i8oyr-4b8256fee2b229d307876d08a59cae6b '   itemscope=\"itemscope\" itemtype=\"https:\/\/schema.org\/CreativeWork\" ><div class='avia_textblock av_inherit_color'  itemprop=\"text\" ><p>Les images de cette page peuvent contenir des options payantes.<\/p>\n<\/div><\/section>\n\n","protected":false},"excerpt":{"rendered":"","protected":false},"author":5,"featured_media":0,"parent":2692,"menu_order":0,"comment_status":"closed","ping_status":"closed","template":"","meta":{"footnotes":""},"class_list":["post-2657","page","type-page","status-publish","hentry"],"yoast_head":"<!-- This site is optimized with the Yoast SEO plugin v27.4 - https:\/\/yoast.com\/product\/yoast-seo-wordpress\/ -->\n<title>Bain d\u00b4essai - Trautwein GmbH<\/title>\n<meta name=\"robots\" content=\"index, follow, max-snippet:-1, max-image-preview:large, max-video-preview:-1\" \/>\n<link rel=\"canonical\" href=\"https:\/\/trautwein-gmbh.com\/fr\/a-propos-de-nous\/exposition\/\" \/>\n<meta property=\"og:locale\" content=\"fr_FR\" \/>\n<meta property=\"og:type\" content=\"article\" \/>\n<meta property=\"og:title\" content=\"Bain d\u00b4essai - Trautwein GmbH\" \/>\n<meta property=\"og:url\" content=\"https:\/\/trautwein-gmbh.com\/fr\/a-propos-de-nous\/exposition\/\" \/>\n<meta property=\"og:site_name\" content=\"Trautwein GmbH\" \/>\n<meta property=\"article:publisher\" content=\"https:\/\/www.facebook.com\/trautweingmbhemmendingen\" \/>\n<meta property=\"article:modified_time\" content=\"2023-11-22T13:53:06+00:00\" \/>\n<meta name=\"twitter:card\" content=\"summary_large_image\" \/>\n<meta name=\"twitter:label1\" content=\"Dur\u00e9e de lecture estim\u00e9e\" \/>\n\t<meta name=\"twitter:data1\" content=\"16 minutes\" \/>\n<script type=\"application\/ld+json\" class=\"yoast-schema-graph\">{\"@context\":\"https:\\\/\\\/schema.org\",\"@graph\":[{\"@type\":\"WebPage\",\"@id\":\"https:\\\/\\\/trautwein-gmbh.com\\\/fr\\\/a-propos-de-nous\\\/exposition\\\/\",\"url\":\"https:\\\/\\\/trautwein-gmbh.com\\\/fr\\\/a-propos-de-nous\\\/exposition\\\/\",\"name\":\"Bain d\u00b4essai - Trautwein GmbH\",\"isPartOf\":{\"@id\":\"https:\\\/\\\/trautwein-gmbh.com\\\/#website\"},\"datePublished\":\"2023-06-23T08:33:23+00:00\",\"dateModified\":\"2023-11-22T13:53:06+00:00\",\"breadcrumb\":{\"@id\":\"https:\\\/\\\/trautwein-gmbh.com\\\/fr\\\/a-propos-de-nous\\\/exposition\\\/#breadcrumb\"},\"inLanguage\":\"fr-FR\",\"potentialAction\":[{\"@type\":\"ReadAction\",\"target\":[\"https:\\\/\\\/trautwein-gmbh.com\\\/fr\\\/a-propos-de-nous\\\/exposition\\\/\"]}]},{\"@type\":\"BreadcrumbList\",\"@id\":\"https:\\\/\\\/trautwein-gmbh.com\\\/fr\\\/a-propos-de-nous\\\/exposition\\\/#breadcrumb\",\"itemListElement\":[{\"@type\":\"ListItem\",\"position\":1,\"name\":\"Startseite\",\"item\":\"https:\\\/\\\/trautwein-gmbh.com\\\/fr\\\/accueil\\\/\"},{\"@type\":\"ListItem\",\"position\":2,\"name\":\"\u00c0 notre sujet\",\"item\":\"https:\\\/\\\/trautwein-gmbh.com\\\/fr\\\/a-propos-de-nous\\\/\"},{\"@type\":\"ListItem\",\"position\":3,\"name\":\"Bain d\u00b4essai\"}]},{\"@type\":\"WebSite\",\"@id\":\"https:\\\/\\\/trautwein-gmbh.com\\\/#website\",\"url\":\"https:\\\/\\\/trautwein-gmbh.com\\\/\",\"name\":\"Trautwein GmbH\",\"description\":\"\",\"publisher\":{\"@id\":\"https:\\\/\\\/trautwein-gmbh.com\\\/#organization\"},\"potentialAction\":[{\"@type\":\"SearchAction\",\"target\":{\"@type\":\"EntryPoint\",\"urlTemplate\":\"https:\\\/\\\/trautwein-gmbh.com\\\/?s={search_term_string}\"},\"query-input\":{\"@type\":\"PropertyValueSpecification\",\"valueRequired\":true,\"valueName\":\"search_term_string\"}}],\"inLanguage\":\"fr-FR\"},{\"@type\":\"Organization\",\"@id\":\"https:\\\/\\\/trautwein-gmbh.com\\\/#organization\",\"name\":\"Trautwein GmbH\",\"url\":\"https:\\\/\\\/trautwein-gmbh.com\\\/\",\"logo\":{\"@type\":\"ImageObject\",\"inLanguage\":\"fr-FR\",\"@id\":\"https:\\\/\\\/trautwein-gmbh.com\\\/#\\\/schema\\\/logo\\\/image\\\/\",\"url\":\"https:\\\/\\\/trautwein-gmbh.com\\\/wp-content\\\/uploads\\\/2023\\\/09\\\/trautwein-logo-nospace.png\",\"contentUrl\":\"https:\\\/\\\/trautwein-gmbh.com\\\/wp-content\\\/uploads\\\/2023\\\/09\\\/trautwein-logo-nospace.png\",\"width\":340,\"height\":86,\"caption\":\"Trautwein GmbH\"},\"image\":{\"@id\":\"https:\\\/\\\/trautwein-gmbh.com\\\/#\\\/schema\\\/logo\\\/image\\\/\"},\"sameAs\":[\"https:\\\/\\\/www.facebook.com\\\/trautweingmbhemmendingen\",\"https:\\\/\\\/www.instagram.com\\\/trautweingmbh1928\"]}]}<\/script>\n<!-- \/ Yoast SEO plugin. -->","yoast_head_json":{"title":"Bain d\u00b4essai - Trautwein GmbH","robots":{"index":"index","follow":"follow","max-snippet":"max-snippet:-1","max-image-preview":"max-image-preview:large","max-video-preview":"max-video-preview:-1"},"canonical":"https:\/\/trautwein-gmbh.com\/fr\/a-propos-de-nous\/exposition\/","og_locale":"fr_FR","og_type":"article","og_title":"Bain d\u00b4essai - Trautwein GmbH","og_url":"https:\/\/trautwein-gmbh.com\/fr\/a-propos-de-nous\/exposition\/","og_site_name":"Trautwein GmbH","article_publisher":"https:\/\/www.facebook.com\/trautweingmbhemmendingen","article_modified_time":"2023-11-22T13:53:06+00:00","twitter_card":"summary_large_image","twitter_misc":{"Dur\u00e9e de lecture estim\u00e9e":"16 minutes"},"schema":{"@context":"https:\/\/schema.org","@graph":[{"@type":"WebPage","@id":"https:\/\/trautwein-gmbh.com\/fr\/a-propos-de-nous\/exposition\/","url":"https:\/\/trautwein-gmbh.com\/fr\/a-propos-de-nous\/exposition\/","name":"Bain d\u00b4essai - Trautwein GmbH","isPartOf":{"@id":"https:\/\/trautwein-gmbh.com\/#website"},"datePublished":"2023-06-23T08:33:23+00:00","dateModified":"2023-11-22T13:53:06+00:00","breadcrumb":{"@id":"https:\/\/trautwein-gmbh.com\/fr\/a-propos-de-nous\/exposition\/#breadcrumb"},"inLanguage":"fr-FR","potentialAction":[{"@type":"ReadAction","target":["https:\/\/trautwein-gmbh.com\/fr\/a-propos-de-nous\/exposition\/"]}]},{"@type":"BreadcrumbList","@id":"https:\/\/trautwein-gmbh.com\/fr\/a-propos-de-nous\/exposition\/#breadcrumb","itemListElement":[{"@type":"ListItem","position":1,"name":"Startseite","item":"https:\/\/trautwein-gmbh.com\/fr\/accueil\/"},{"@type":"ListItem","position":2,"name":"\u00c0 notre sujet","item":"https:\/\/trautwein-gmbh.com\/fr\/a-propos-de-nous\/"},{"@type":"ListItem","position":3,"name":"Bain d\u00b4essai"}]},{"@type":"WebSite","@id":"https:\/\/trautwein-gmbh.com\/#website","url":"https:\/\/trautwein-gmbh.com\/","name":"Trautwein GmbH","description":"","publisher":{"@id":"https:\/\/trautwein-gmbh.com\/#organization"},"potentialAction":[{"@type":"SearchAction","target":{"@type":"EntryPoint","urlTemplate":"https:\/\/trautwein-gmbh.com\/?s={search_term_string}"},"query-input":{"@type":"PropertyValueSpecification","valueRequired":true,"valueName":"search_term_string"}}],"inLanguage":"fr-FR"},{"@type":"Organization","@id":"https:\/\/trautwein-gmbh.com\/#organization","name":"Trautwein GmbH","url":"https:\/\/trautwein-gmbh.com\/","logo":{"@type":"ImageObject","inLanguage":"fr-FR","@id":"https:\/\/trautwein-gmbh.com\/#\/schema\/logo\/image\/","url":"https:\/\/trautwein-gmbh.com\/wp-content\/uploads\/2023\/09\/trautwein-logo-nospace.png","contentUrl":"https:\/\/trautwein-gmbh.com\/wp-content\/uploads\/2023\/09\/trautwein-logo-nospace.png","width":340,"height":86,"caption":"Trautwein GmbH"},"image":{"@id":"https:\/\/trautwein-gmbh.com\/#\/schema\/logo\/image\/"},"sameAs":["https:\/\/www.facebook.com\/trautweingmbhemmendingen","https:\/\/www.instagram.com\/trautweingmbh1928"]}]}},"_links":{"self":[{"href":"https:\/\/trautwein-gmbh.com\/fr\/wp-json\/wp\/v2\/pages\/2657","targetHints":{"allow":["GET"]}}],"collection":[{"href":"https:\/\/trautwein-gmbh.com\/fr\/wp-json\/wp\/v2\/pages"}],"about":[{"href":"https:\/\/trautwein-gmbh.com\/fr\/wp-json\/wp\/v2\/types\/page"}],"author":[{"embeddable":true,"href":"https:\/\/trautwein-gmbh.com\/fr\/wp-json\/wp\/v2\/users\/5"}],"replies":[{"embeddable":true,"href":"https:\/\/trautwein-gmbh.com\/fr\/wp-json\/wp\/v2\/comments?post=2657"}],"version-history":[{"count":10,"href":"https:\/\/trautwein-gmbh.com\/fr\/wp-json\/wp\/v2\/pages\/2657\/revisions"}],"predecessor-version":[{"id":7644,"href":"https:\/\/trautwein-gmbh.com\/fr\/wp-json\/wp\/v2\/pages\/2657\/revisions\/7644"}],"up":[{"embeddable":true,"href":"https:\/\/trautwein-gmbh.com\/fr\/wp-json\/wp\/v2\/pages\/2692"}],"wp:attachment":[{"href":"https:\/\/trautwein-gmbh.com\/fr\/wp-json\/wp\/v2\/media?parent=2657"}],"curies":[{"name":"wp","href":"https:\/\/api.w.org\/{rel}","templated":true}]}}