{"id":11251,"date":"2026-02-04T09:37:58","date_gmt":"2026-02-04T08:37:58","guid":{"rendered":"https:\/\/trautwein-gmbh.com\/?page_id=11251"},"modified":"2026-02-04T10:29:25","modified_gmt":"2026-02-04T09:29:25","slug":"news","status":"publish","type":"page","link":"https:\/\/trautwein-gmbh.com\/fr\/news\/","title":{"rendered":"News"},"content":{"rendered":"<div id='full_slider_1'  class='avia-fullwidth-slider main_color avia-shadow   avia-builder-el-0  el_before_av_section  avia-builder-el-first   container_wrap fullsize'  >\n<style type=\"text\/css\" data-created_by=\"avia_inline_auto\" id=\"style-css-av-lnwze2jg-d1b457216dd90c3eb625f70239fdffe2\">\n#top #wrap_all .avia-slideshow .av-slideshow-caption.av-lnwze2jg-d1b457216dd90c3eb625f70239fdffe2__0 .avia-caption-title{\ncolor:#ffffff;\n}\n\n@media only screen and (min-width: 990px){ \n#top #wrap_all .avia-slideshow .av-slideshow-caption.av-lnwze2jg-d1b457216dd90c3eb625f70239fdffe2__0 .avia-caption-title{\nfont-size:54px;\n}\n}\n<\/style>\n<div  class='avia-slideshow av-lnwze2jg-d1b457216dd90c3eb625f70239fdffe2 avia-slideshow-no scaling av_slideshow_full avia-slide-slider av-slideshow-ui av-control-default av-no-slider-navigation av-slideshow-autoplay av-loop-endless av-loop-manual-endless av-default-height-applied   avia-slideshow-1' data-slideshow-options=\"{&quot;animation&quot;:&quot;slide&quot;,&quot;autoplay&quot;:true,&quot;loop_autoplay&quot;:&quot;endless&quot;,&quot;interval&quot;:4,&quot;loop_manual&quot;:&quot;manual-endless&quot;,&quot;autoplay_stopper&quot;:false,&quot;noNavigation&quot;:false,&quot;bg_slider&quot;:false,&quot;keep_padding&quot;:false,&quot;hoverpause&quot;:false,&quot;show_slide_delay&quot;:0}\"  itemprop=\"image\" itemscope=\"itemscope\" itemtype=\"https:\/\/schema.org\/ImageObject\" ><ul class='avia-slideshow-inner ' style='padding-bottom: 37.916666666667%;'><li  class='avia-slideshow-slide av-lnwze2jg-d1b457216dd90c3eb625f70239fdffe2__0  av-single-slide slide-1 slide-odd'><div data-rel='slideshow-1' class='avia-slide-wrap '   ><img decoding=\"async\" fetchpriority=\"high\" class=\"wp-image-2116 avia-img-lazy-loading-not-2116\"  src=\"https:\/\/trautwein-gmbh.com\/wp-content\/uploads\/2023\/01\/tw-header4.jpg\" width=\"1920\" height=\"728\" title='tw-header4' alt=''  itemprop=\"thumbnailUrl\" srcset=\"https:\/\/trautwein-gmbh.com\/wp-content\/uploads\/2023\/01\/tw-header4.jpg 1920w, https:\/\/trautwein-gmbh.com\/wp-content\/uploads\/2023\/01\/tw-header4-300x114.jpg 300w, https:\/\/trautwein-gmbh.com\/wp-content\/uploads\/2023\/01\/tw-header4-768x291.jpg 768w, https:\/\/trautwein-gmbh.com\/wp-content\/uploads\/2023\/01\/tw-header4-1030x391.jpg 1030w, https:\/\/trautwein-gmbh.com\/wp-content\/uploads\/2023\/01\/tw-header4-1536x582.jpg 1536w, https:\/\/trautwein-gmbh.com\/wp-content\/uploads\/2023\/01\/tw-header4-1500x569.jpg 1500w, https:\/\/trautwein-gmbh.com\/wp-content\/uploads\/2023\/01\/tw-header4-705x267.jpg 705w, https:\/\/trautwein-gmbh.com\/wp-content\/uploads\/2023\/01\/tw-header4-845x321.jpg 845w\" sizes=\"(max-width: 1920px) 100vw, 1920px\" \/><div class='av-section-color-overlay' style='opacity: 0.3; background-color: #0a0a0a; '><\/div><\/div><\/li><\/ul><div class='av-slideshow-caption av-lnwze2jg-d1b457216dd90c3eb625f70239fdffe2__0 caption_fullwidth caption_bottom'><div class=\"container caption_container\"><div class=\"slideshow_caption\"><div class=\"slideshow_inner_caption\"><div class=\"slideshow_align_caption\"><h1 class='avia-caption-title '  itemprop=\"name\" >Communiqu\u00e9 de presse<\/h1><\/div><\/div><\/div><\/div><\/div><\/div><\/div>\n\n<style type=\"text\/css\" data-created_by=\"avia_inline_auto\" id=\"style-css-av-8hr29-8057956832c2d0374108da78ab704e30\">\n.avia-section.av-8hr29-8057956832c2d0374108da78ab704e30{\nmargin-top:-100px;\nmargin-bottom:-100px;\nposition:relative;\n}\n.avia-section.av-8hr29-8057956832c2d0374108da78ab704e30 .avia-divider-svg-bottom svg{\nheight:50px;\nopacity:1;\nwidth:calc(100% + 1.3px);\nfill:#ffffff;\n}\n<\/style>\n<div id='desktop'  class='avia-section av-8hr29-8057956832c2d0374108da78ab704e30 main_color avia-section-no-padding avia-no-border-styling  avia-builder-el-1  el_after_av_slideshow_full  el_before_av_section  av-small-hide av-mini-hide avia-bg-style-scroll av-minimum-height av-minimum-height-custom av-height-custom  container_wrap fullsize'   data-av_minimum_height_px='75'><div class='avia-divider-svg avia-divider-svg-mountains avia-divider-svg-bottom avia-to-front avia-svg-original'><svg xmlns=\"http:\/\/www.w3.org\/2000\/svg\" viewBox=\"0 0 1000 100\" preserveAspectRatio=\"none\">\n\t<path opacity=\"0.33\" d=\"M473,67.3c-203.9,88.3-263.1-34-320.3,0C66,119.1,0,59.7,0,59.7V0h1000v59.7 c0,0-62.1,26.1-94.9,29.3c-32.8,3.3-62.8-12.3-75.8-22.1C806,49.6,745.3,8.7,694.9,4.7S492.4,59,473,67.3z\"\/>\n\t<path opacity=\"0.66\" d=\"M734,67.3c-45.5,0-77.2-23.2-129.1-39.1c-28.6-8.7-150.3-10.1-254,39.1 s-91.7-34.4-149.2,0C115.7,118.3,0,39.8,0,39.8V0h1000v36.5c0,0-28.2-18.5-92.1-18.5C810.2,18.1,775.7,67.3,734,67.3z\"\/>\n\t<path d=\"M766.1,28.9c-200-57.5-266,65.5-395.1,19.5C242,1.8,242,5.4,184.8,20.6C128,35.8,132.3,44.9,89.9,52.5C28.6,63.7,0,0,0,0 h1000c0,0-9.9,40.9-83.6,48.1S829.6,47,766.1,28.9z\"\/>\n<\/svg><\/div><div class='container av-section-cont-open' style='height:75px'><div class='template-page content  av-content-full alpha units'><div class='post-entry post-entry-type-page post-entry-11251'><div class='entry-content-wrapper clearfix'>\n<\/div><\/div><\/div><!-- close content main div --><\/div><\/div>\n<style type=\"text\/css\" data-created_by=\"avia_inline_auto\" id=\"style-css-av-865e5-984a07eb2db1ea27c5b72bb0419fba6e\">\n.avia-section.av-865e5-984a07eb2db1ea27c5b72bb0419fba6e{\nmargin-top:-100px;\nmargin-bottom:-100px;\nposition:relative;\n}\n.avia-section.av-865e5-984a07eb2db1ea27c5b72bb0419fba6e .avia-divider-svg-bottom svg{\nheight:20px;\nopacity:1;\nwidth:calc(100% + 1.3px);\nfill:#ffffff;\n}\n<\/style>\n<div id='mobil'  class='avia-section av-865e5-984a07eb2db1ea27c5b72bb0419fba6e main_color avia-section-no-padding avia-no-border-styling  avia-builder-el-2  el_after_av_section  el_before_av_textblock  av-desktop-hide av-medium-hide avia-bg-style-scroll av-minimum-height av-minimum-height-custom av-height-custom  container_wrap fullsize'   data-av_minimum_height_px='20'><div class='avia-divider-svg avia-divider-svg-mountains avia-divider-svg-bottom avia-to-front avia-svg-original'><svg xmlns=\"http:\/\/www.w3.org\/2000\/svg\" viewBox=\"0 0 1000 100\" preserveAspectRatio=\"none\">\n\t<path opacity=\"0.33\" d=\"M473,67.3c-203.9,88.3-263.1-34-320.3,0C66,119.1,0,59.7,0,59.7V0h1000v59.7 c0,0-62.1,26.1-94.9,29.3c-32.8,3.3-62.8-12.3-75.8-22.1C806,49.6,745.3,8.7,694.9,4.7S492.4,59,473,67.3z\"\/>\n\t<path opacity=\"0.66\" d=\"M734,67.3c-45.5,0-77.2-23.2-129.1-39.1c-28.6-8.7-150.3-10.1-254,39.1 s-91.7-34.4-149.2,0C115.7,118.3,0,39.8,0,39.8V0h1000v36.5c0,0-28.2-18.5-92.1-18.5C810.2,18.1,775.7,67.3,734,67.3z\"\/>\n\t<path d=\"M766.1,28.9c-200-57.5-266,65.5-395.1,19.5C242,1.8,242,5.4,184.8,20.6C128,35.8,132.3,44.9,89.9,52.5C28.6,63.7,0,0,0,0 h1000c0,0-9.9,40.9-83.6,48.1S829.6,47,766.1,28.9z\"\/>\n<\/svg><\/div><div class='container av-section-cont-open' style='height:20px'><div class='template-page content  av-content-full alpha units'><div class='post-entry post-entry-type-page post-entry-11251'><div class='entry-content-wrapper clearfix'><\/div><\/div><\/div><!-- close content main div --><\/div><\/div><div id='after_section_2'  class='main_color av_default_container_wrap container_wrap fullsize'  ><div class='container av-section-cont-open' ><div class='template-page content  av-content-full alpha units'><div class='post-entry post-entry-type-page post-entry-11251'><div class='entry-content-wrapper clearfix'>\n<section  class='av_textblock_section av-ml7s6h8q-c48bd5171351584b82124a85a24f04e9 '   itemscope=\"itemscope\" itemtype=\"https:\/\/schema.org\/CreativeWork\" ><div class='avia_textblock'  itemprop=\"text\" ><p><strong>Communiqu\u00e9 de presse<\/strong><\/p>\n<p><strong>\u00a0<\/strong><\/p>\n<p>\u00ab 1Team Capital \u00bb assure une solution de succession \u00e0 long terme chez Trautwein<\/p>\n<ul>\n<li><strong>1Team Capital prend une participation dans Trautwein GmbH et accompagne l&rsquo;entreprise dans le cadre d&rsquo;une solution de succession \u00e0 long terme.<\/strong><\/li>\n<li><strong>La famille Grenz conserve sa participation dans l&rsquo;entreprise et continuera \u00e0 en assurer la direction op\u00e9rationnelle apr\u00e8s la transaction.<\/strong><\/li>\n<li><strong>La prochaine phase de croissance sera r\u00e9alis\u00e9e conjointement, en mettant l&rsquo;accent sur la poursuite de l&rsquo;internationalisation et l&rsquo;ouverture de nouveaux march\u00e9s.<\/strong><\/li>\n<\/ul>\n<p><strong>\u00a0<\/strong><\/p>\n<p><strong>\u00a0<\/strong><\/p>\n<p>Emmendingen, le 14 janvier 2026 \u2013 1Team Capital, une soci\u00e9t\u00e9 d&rsquo;investissement ind\u00e9pendante sp\u00e9cialis\u00e9e dans les solutions de succession pour les entreprises du \u00ab Mittelstand \u00bb, rach\u00e8te Trautwein GmbH \u00e0 ses anciens propri\u00e9taires, Alexandra et Adrian Grenz.<\/p>\n<p>Trautwein est un fabricant de syst\u00e8mes de haute qualit\u00e9 pour l\u2019hydroth\u00e9rapie, la r\u00e9\u00e9ducation et le bien-\u00eatre, \u00e9tabli depuis 1928 et reconnu pour son savoir-faire \u00ab Made in Germany \u00bb. Depuis plusieurs d\u00e9cennies, l\u2019entreprise fournit des cliniques, des centres de r\u00e9\u00e9ducation, des \u00e9tablissements de soins, ainsi que des h\u00f4tels et des spas dans le monde entier.<\/p>\n<p>Dans le cadre de la solution de succession, les associ\u00e9s actuels restent engag\u00e9s au capital de l\u2019entreprise. Monsieur et Madame Grenz continueront \u00e0 diriger l\u2019entreprise conjointement apr\u00e8s la transaction.<\/p>\n<p>Adrian Grenz, directeur g\u00e9n\u00e9ral et associ\u00e9 de Trautwein : \u00ab Le partenariat avec 1Team Capital repr\u00e9sente une \u00e9tape majeure pour Trautwein. Il garantit l\u2019avenir \u00e0 long terme de l\u2019entreprise et cr\u00e9e les bases n\u00e9cessaires pour poursuivre ensemble notre histoire de r\u00e9ussite. Nous nous r\u00e9jouissons de collaborer avec nos nouveaux partenaires. \u00bb<\/p>\n<p>Raffael Rupprechter, associ\u00e9 g\u00e9rant de 1Team Capital : \u00ab Trautwein est une entreprise tr\u00e8s bien g\u00e9r\u00e9e, dot\u00e9e d\u2019une marque forte et d\u2019une qualit\u00e9 de produits \u00e9lev\u00e9e. Nous nous r\u00e9jouissons que la famille Grenz reste \u00e9galement impliqu\u00e9e en tant qu\u2019actionnaire \u00e0 l\u2019avenir et qu\u2019elle continue de soutenir le d\u00e9veloppement de l\u2019entreprise aux c\u00f4t\u00e9s de 1Team Capital. \u00bb<\/p>\n<p>Peter Giesinger, partenaire de 1Team Capital et pr\u00e9sident du conseil consultatif de Trautwein, ajoute :<\/p>\n<p>\u00ab Trautwein est id\u00e9alement positionn\u00e9e pour tirer profit des tendances \u00e0 long terme du march\u00e9 et de la forte demande en solutions th\u00e9rapeutiques et de bien-\u00eatre haut de gamme. Nous voyons un fort potentiel pour poursuivre la croissance de l&rsquo;entreprise ensemble tout en conqu\u00e9rant de nouveaux march\u00e9s. \u00bb<\/p>\n<p><strong>\u00c0 propos de Trautwein<\/strong><\/p>\n<p>La soci\u00e9t\u00e9 Trautwein GmbH, dont le si\u00e8ge se trouve \u00e0 Emmendingen (Bade-Wurtemberg), est un fabricant de premier plan sp\u00e9cialis\u00e9 dans les baignoires m\u00e9dicales et les \u00e9quipements de bien-\u00eatre de haut de gamme. Fond\u00e9e en 1928, l&rsquo;entreprise jouit d&rsquo;une histoire presque centenaire et d&rsquo;une marque forte et internationalement reconnue. Trautwein fournit principalement des clients B2B dans le secteur de la sant\u00e9 et des soins et est pr\u00e9sent dans plus de 90 pays \u00e0 travers le monde avec ses produits. L&rsquo;entreprise se distingue par la haute qualit\u00e9 de ses produits et par une proportion remarquable de clients fid\u00e8les et r\u00e9guliers.<\/p>\n<p><strong>\u00c0 propos de 1Team Capital<\/strong><\/p>\n<p>1Team Capital est une soci\u00e9t\u00e9 d&rsquo;investissement ind\u00e9pendante sp\u00e9cialis\u00e9e dans les solutions de succession entrepreneuriale pour les entreprises du \u00ab Mittelstand \u00bb en Suisse, en Allemagne et en Autriche. 1Team Capital s\u2019associe \u00e0 un groupe d\u2019entrepreneurs exp\u00e9riment\u00e9s pour investir dans des entreprises du<\/p>\n<p>\u00ab Mittelstand \u00bb, performantes, bien positionn\u00e9es et dirig\u00e9es par des \u00e9quipes \u00e0 l\u2019esprit entrepreneurial, \u00e9voluant dans des niches de march\u00e9 \u00e0 fort potentiel. En tant qu&rsquo;investisseur actif et orient\u00e9 vers le long terme, 1Team Capital soutient une croissance rentable et durable.<\/p>\n<p><u>Pour plus d&rsquo;informations :<\/u><\/p>\n<p>1Team Capital AG<\/p>\n<p>Raffael Rupprechter Managing Partner Tel. +41 78 737 82 76<\/p>\n<p>E-Mail: <a href=\"mailto:raffael.rupprechter@1team.capital\">raffael.rupprechter@1team.capital<\/a><\/p>\n<p>Trautwein GmbH Adrian Grenz<\/p>\n<p>Directeur G\u00e9n\u00e9ral<\/p>\n<p>Tel. +49 7641 4677-30<\/p>\n<p>E-Mail: <a href=\"mailto:info@trautwein-gmbh.com\">info@trautwein-gmbh.com<\/a><\/p>\n<\/div><\/section>\n<\/div><\/div><\/div><!-- close content main div --><\/div><\/div>\n<style type=\"text\/css\" data-created_by=\"avia_inline_auto\" id=\"style-css-av-ae9p-1a72c3609dba6297930c09d5cd59cf75\">\n.avia-section.av-ae9p-1a72c3609dba6297930c09d5cd59cf75{\nposition:relative;\n}\n.avia-section.av-ae9p-1a72c3609dba6297930c09d5cd59cf75 .avia-divider-svg-bottom svg{\nheight:50px;\nwidth:calc(100% + 1.3px);\nfill:#0eb48d;\n}\n<\/style>\n<div id='desktop'  class='avia-section av-ae9p-1a72c3609dba6297930c09d5cd59cf75 main_color avia-section-default avia-no-border-styling  avia-builder-el-4  el_after_av_textblock  el_before_av_section  av-small-hide av-mini-hide avia-bg-style-scroll container_wrap fullsize'  ><div class='avia-divider-svg avia-divider-svg-mountains avia-divider-svg-bottom avia-svg-original'><svg xmlns=\"http:\/\/www.w3.org\/2000\/svg\" viewBox=\"0 0 1000 100\" preserveAspectRatio=\"none\">\n\t<path opacity=\"0.33\" d=\"M473,67.3c-203.9,88.3-263.1-34-320.3,0C66,119.1,0,59.7,0,59.7V0h1000v59.7 c0,0-62.1,26.1-94.9,29.3c-32.8,3.3-62.8-12.3-75.8-22.1C806,49.6,745.3,8.7,694.9,4.7S492.4,59,473,67.3z\"\/>\n\t<path opacity=\"0.66\" d=\"M734,67.3c-45.5,0-77.2-23.2-129.1-39.1c-28.6-8.7-150.3-10.1-254,39.1 s-91.7-34.4-149.2,0C115.7,118.3,0,39.8,0,39.8V0h1000v36.5c0,0-28.2-18.5-92.1-18.5C810.2,18.1,775.7,67.3,734,67.3z\"\/>\n\t<path d=\"M766.1,28.9c-200-57.5-266,65.5-395.1,19.5C242,1.8,242,5.4,184.8,20.6C128,35.8,132.3,44.9,89.9,52.5C28.6,63.7,0,0,0,0 h1000c0,0-9.9,40.9-83.6,48.1S829.6,47,766.1,28.9z\"\/>\n<\/svg><\/div><div class='container av-section-cont-open' ><div class='template-page content  av-content-full alpha units'><div class='post-entry post-entry-type-page post-entry-11251'><div class='entry-content-wrapper clearfix'>\n<\/div><\/div><\/div><!-- close content main div --><\/div><\/div>\n<style type=\"text\/css\" data-created_by=\"avia_inline_auto\" id=\"style-css-av-1qd6h-8f38bb38d53be63522255730c8c83f63\">\n.avia-section.av-1qd6h-8f38bb38d53be63522255730c8c83f63{\nposition:relative;\n}\n.avia-section.av-1qd6h-8f38bb38d53be63522255730c8c83f63 .avia-divider-svg-bottom svg{\nheight:20px;\nwidth:calc(100% + 1.3px);\nfill:#0eb48d;\n}\n<\/style>\n<div id='av_section_4'  class='avia-section av-1qd6h-8f38bb38d53be63522255730c8c83f63 main_color avia-section-default avia-no-border-styling  avia-builder-el-5  el_after_av_section  avia-builder-el-last  av-desktop-hide av-medium-hide avia-bg-style-scroll container_wrap fullsize'  ><div class='avia-divider-svg avia-divider-svg-mountains avia-divider-svg-bottom avia-svg-original'><svg xmlns=\"http:\/\/www.w3.org\/2000\/svg\" viewBox=\"0 0 1000 100\" preserveAspectRatio=\"none\">\n\t<path opacity=\"0.33\" d=\"M473,67.3c-203.9,88.3-263.1-34-320.3,0C66,119.1,0,59.7,0,59.7V0h1000v59.7 c0,0-62.1,26.1-94.9,29.3c-32.8,3.3-62.8-12.3-75.8-22.1C806,49.6,745.3,8.7,694.9,4.7S492.4,59,473,67.3z\"\/>\n\t<path opacity=\"0.66\" d=\"M734,67.3c-45.5,0-77.2-23.2-129.1-39.1c-28.6-8.7-150.3-10.1-254,39.1 s-91.7-34.4-149.2,0C115.7,118.3,0,39.8,0,39.8V0h1000v36.5c0,0-28.2-18.5-92.1-18.5C810.2,18.1,775.7,67.3,734,67.3z\"\/>\n\t<path d=\"M766.1,28.9c-200-57.5-266,65.5-395.1,19.5C242,1.8,242,5.4,184.8,20.6C128,35.8,132.3,44.9,89.9,52.5C28.6,63.7,0,0,0,0 h1000c0,0-9.9,40.9-83.6,48.1S829.6,47,766.1,28.9z\"\/>\n<\/svg><\/div><div class='container av-section-cont-open' ><div class='template-page content  av-content-full alpha units'><div class='post-entry post-entry-type-page post-entry-11251'><div class='entry-content-wrapper clearfix'>\n","protected":false},"excerpt":{"rendered":"","protected":false},"author":8,"featured_media":0,"parent":0,"menu_order":0,"comment_status":"closed","ping_status":"closed","template":"","meta":{"footnotes":""},"class_list":["post-11251","page","type-page","status-publish","hentry"],"yoast_head":"<!-- This site is optimized with the Yoast SEO plugin v27.6 - https:\/\/yoast.com\/product\/yoast-seo-wordpress\/ -->\n<title>News - Trautwein GmbH<\/title>\n<meta name=\"robots\" content=\"index, follow, max-snippet:-1, max-image-preview:large, max-video-preview:-1\" \/>\n<link rel=\"canonical\" href=\"https:\/\/trautwein-gmbh.com\/fr\/news\/\" \/>\n<meta property=\"og:locale\" content=\"fr_FR\" \/>\n<meta property=\"og:type\" content=\"article\" \/>\n<meta property=\"og:title\" content=\"News - Trautwein GmbH\" \/>\n<meta property=\"og:url\" content=\"https:\/\/trautwein-gmbh.com\/fr\/news\/\" \/>\n<meta property=\"og:site_name\" content=\"Trautwein GmbH\" \/>\n<meta property=\"article:publisher\" content=\"https:\/\/www.facebook.com\/trautweingmbhemmendingen\" \/>\n<meta property=\"article:modified_time\" content=\"2026-02-04T09:29:25+00:00\" \/>\n<meta name=\"twitter:card\" content=\"summary_large_image\" \/>\n<meta name=\"twitter:label1\" content=\"Dur\u00e9e de lecture estim\u00e9e\" \/>\n\t<meta name=\"twitter:data1\" content=\"4 minutes\" \/>\n<script type=\"application\/ld+json\" class=\"yoast-schema-graph\">{\"@context\":\"https:\\\/\\\/schema.org\",\"@graph\":[{\"@type\":\"WebPage\",\"@id\":\"https:\\\/\\\/trautwein-gmbh.com\\\/fr\\\/news\\\/\",\"url\":\"https:\\\/\\\/trautwein-gmbh.com\\\/fr\\\/news\\\/\",\"name\":\"News - Trautwein GmbH\",\"isPartOf\":{\"@id\":\"https:\\\/\\\/trautwein-gmbh.com\\\/#website\"},\"datePublished\":\"2026-02-04T08:37:58+00:00\",\"dateModified\":\"2026-02-04T09:29:25+00:00\",\"breadcrumb\":{\"@id\":\"https:\\\/\\\/trautwein-gmbh.com\\\/fr\\\/news\\\/#breadcrumb\"},\"inLanguage\":\"fr-FR\",\"potentialAction\":[{\"@type\":\"ReadAction\",\"target\":[\"https:\\\/\\\/trautwein-gmbh.com\\\/fr\\\/news\\\/\"]}]},{\"@type\":\"BreadcrumbList\",\"@id\":\"https:\\\/\\\/trautwein-gmbh.com\\\/fr\\\/news\\\/#breadcrumb\",\"itemListElement\":[{\"@type\":\"ListItem\",\"position\":1,\"name\":\"Startseite\",\"item\":\"https:\\\/\\\/trautwein-gmbh.com\\\/fr\\\/accueil\\\/\"},{\"@type\":\"ListItem\",\"position\":2,\"name\":\"News\"}]},{\"@type\":\"WebSite\",\"@id\":\"https:\\\/\\\/trautwein-gmbh.com\\\/#website\",\"url\":\"https:\\\/\\\/trautwein-gmbh.com\\\/\",\"name\":\"Trautwein GmbH\",\"description\":\"\",\"publisher\":{\"@id\":\"https:\\\/\\\/trautwein-gmbh.com\\\/#organization\"},\"potentialAction\":[{\"@type\":\"SearchAction\",\"target\":{\"@type\":\"EntryPoint\",\"urlTemplate\":\"https:\\\/\\\/trautwein-gmbh.com\\\/?s={search_term_string}\"},\"query-input\":{\"@type\":\"PropertyValueSpecification\",\"valueRequired\":true,\"valueName\":\"search_term_string\"}}],\"inLanguage\":\"fr-FR\"},{\"@type\":\"Organization\",\"@id\":\"https:\\\/\\\/trautwein-gmbh.com\\\/#organization\",\"name\":\"Trautwein GmbH\",\"url\":\"https:\\\/\\\/trautwein-gmbh.com\\\/\",\"logo\":{\"@type\":\"ImageObject\",\"inLanguage\":\"fr-FR\",\"@id\":\"https:\\\/\\\/trautwein-gmbh.com\\\/#\\\/schema\\\/logo\\\/image\\\/\",\"url\":\"https:\\\/\\\/trautwein-gmbh.com\\\/wp-content\\\/uploads\\\/2023\\\/09\\\/trautwein-logo-nospace.png\",\"contentUrl\":\"https:\\\/\\\/trautwein-gmbh.com\\\/wp-content\\\/uploads\\\/2023\\\/09\\\/trautwein-logo-nospace.png\",\"width\":340,\"height\":86,\"caption\":\"Trautwein GmbH\"},\"image\":{\"@id\":\"https:\\\/\\\/trautwein-gmbh.com\\\/#\\\/schema\\\/logo\\\/image\\\/\"},\"sameAs\":[\"https:\\\/\\\/www.facebook.com\\\/trautweingmbhemmendingen\",\"https:\\\/\\\/www.instagram.com\\\/trautweingmbh1928\"]}]}<\/script>\n<!-- \/ Yoast SEO plugin. -->","yoast_head_json":{"title":"News - Trautwein GmbH","robots":{"index":"index","follow":"follow","max-snippet":"max-snippet:-1","max-image-preview":"max-image-preview:large","max-video-preview":"max-video-preview:-1"},"canonical":"https:\/\/trautwein-gmbh.com\/fr\/news\/","og_locale":"fr_FR","og_type":"article","og_title":"News - Trautwein GmbH","og_url":"https:\/\/trautwein-gmbh.com\/fr\/news\/","og_site_name":"Trautwein GmbH","article_publisher":"https:\/\/www.facebook.com\/trautweingmbhemmendingen","article_modified_time":"2026-02-04T09:29:25+00:00","twitter_card":"summary_large_image","twitter_misc":{"Dur\u00e9e de lecture estim\u00e9e":"4 minutes"},"schema":{"@context":"https:\/\/schema.org","@graph":[{"@type":"WebPage","@id":"https:\/\/trautwein-gmbh.com\/fr\/news\/","url":"https:\/\/trautwein-gmbh.com\/fr\/news\/","name":"News - Trautwein GmbH","isPartOf":{"@id":"https:\/\/trautwein-gmbh.com\/#website"},"datePublished":"2026-02-04T08:37:58+00:00","dateModified":"2026-02-04T09:29:25+00:00","breadcrumb":{"@id":"https:\/\/trautwein-gmbh.com\/fr\/news\/#breadcrumb"},"inLanguage":"fr-FR","potentialAction":[{"@type":"ReadAction","target":["https:\/\/trautwein-gmbh.com\/fr\/news\/"]}]},{"@type":"BreadcrumbList","@id":"https:\/\/trautwein-gmbh.com\/fr\/news\/#breadcrumb","itemListElement":[{"@type":"ListItem","position":1,"name":"Startseite","item":"https:\/\/trautwein-gmbh.com\/fr\/accueil\/"},{"@type":"ListItem","position":2,"name":"News"}]},{"@type":"WebSite","@id":"https:\/\/trautwein-gmbh.com\/#website","url":"https:\/\/trautwein-gmbh.com\/","name":"Trautwein GmbH","description":"","publisher":{"@id":"https:\/\/trautwein-gmbh.com\/#organization"},"potentialAction":[{"@type":"SearchAction","target":{"@type":"EntryPoint","urlTemplate":"https:\/\/trautwein-gmbh.com\/?s={search_term_string}"},"query-input":{"@type":"PropertyValueSpecification","valueRequired":true,"valueName":"search_term_string"}}],"inLanguage":"fr-FR"},{"@type":"Organization","@id":"https:\/\/trautwein-gmbh.com\/#organization","name":"Trautwein GmbH","url":"https:\/\/trautwein-gmbh.com\/","logo":{"@type":"ImageObject","inLanguage":"fr-FR","@id":"https:\/\/trautwein-gmbh.com\/#\/schema\/logo\/image\/","url":"https:\/\/trautwein-gmbh.com\/wp-content\/uploads\/2023\/09\/trautwein-logo-nospace.png","contentUrl":"https:\/\/trautwein-gmbh.com\/wp-content\/uploads\/2023\/09\/trautwein-logo-nospace.png","width":340,"height":86,"caption":"Trautwein GmbH"},"image":{"@id":"https:\/\/trautwein-gmbh.com\/#\/schema\/logo\/image\/"},"sameAs":["https:\/\/www.facebook.com\/trautweingmbhemmendingen","https:\/\/www.instagram.com\/trautweingmbh1928"]}]}},"_links":{"self":[{"href":"https:\/\/trautwein-gmbh.com\/fr\/wp-json\/wp\/v2\/pages\/11251","targetHints":{"allow":["GET"]}}],"collection":[{"href":"https:\/\/trautwein-gmbh.com\/fr\/wp-json\/wp\/v2\/pages"}],"about":[{"href":"https:\/\/trautwein-gmbh.com\/fr\/wp-json\/wp\/v2\/types\/page"}],"author":[{"embeddable":true,"href":"https:\/\/trautwein-gmbh.com\/fr\/wp-json\/wp\/v2\/users\/8"}],"replies":[{"embeddable":true,"href":"https:\/\/trautwein-gmbh.com\/fr\/wp-json\/wp\/v2\/comments?post=11251"}],"version-history":[{"count":8,"href":"https:\/\/trautwein-gmbh.com\/fr\/wp-json\/wp\/v2\/pages\/11251\/revisions"}],"predecessor-version":[{"id":11280,"href":"https:\/\/trautwein-gmbh.com\/fr\/wp-json\/wp\/v2\/pages\/11251\/revisions\/11280"}],"wp:attachment":[{"href":"https:\/\/trautwein-gmbh.com\/fr\/wp-json\/wp\/v2\/media?parent=11251"}],"curies":[{"name":"wp","href":"https:\/\/api.w.org\/{rel}","templated":true}]}}